{"id":1563,"date":"2023-01-23T14:51:51","date_gmt":"2023-01-23T14:51:51","guid":{"rendered":"https:\/\/rever-digital.com\/inicio\/?page_id=1563"},"modified":"2024-09-24T13:23:38","modified_gmt":"2024-09-24T13:23:38","slug":"nosotros","status":"publish","type":"page","link":"https:\/\/rever-digital.com\/inicio\/en\/nosotros\/","title":{"rendered":"About Us"},"content":{"rendered":"<div data-elementor-type=\"wp-page\" data-elementor-id=\"1563\" class=\"elementor elementor-1563\" data-elementor-post-type=\"page\">\n\t\t\t\t\t\t<section class=\"elementor-section elementor-top-section elementor-element elementor-element-1ea6a55 elementor-section-height-min-height elementor-section-boxed elementor-section-height-default elementor-section-items-middle\" data-id=\"1ea6a55\" data-element_type=\"section\" data-e-type=\"section\" data-settings=\"{&quot;background_background&quot;:&quot;classic&quot;}\">\n\t\t\t\t\t\t<div class=\"elementor-container elementor-column-gap-default\">\n\t\t\t\t\t<div class=\"elementor-column elementor-col-100 elementor-top-column elementor-element elementor-element-9df4855\" data-id=\"9df4855\" data-element_type=\"column\" data-e-type=\"column\">\n\t\t\t<div class=\"elementor-widget-wrap elementor-element-populated\">\n\t\t\t\t\t\t<div class=\"elementor-element elementor-element-3ad2679 elementor-invisible elementor-widget elementor-widget-heading\" data-id=\"3ad2679\" data-element_type=\"widget\" data-e-type=\"widget\" data-settings=\"{&quot;_animation&quot;:&quot;fadeIn&quot;,&quot;_animation_delay&quot;:600}\" data-widget_type=\"heading.default\">\n\t\t\t\t<div class=\"elementor-widget-container\">\n\t\t\t\t\t<h2 class=\"elementor-heading-title elementor-size-default\">PROFESSIONALS LOOKING FOR VANGUARD<\/h2>\t\t\t\t<\/div>\n\t\t\t\t<\/div>\n\t\t\t\t\t<\/div>\n\t\t<\/div>\n\t\t\t\t\t<\/div>\n\t\t<\/section>\n\t\t\t\t<section class=\"elementor-section elementor-top-section elementor-element elementor-element-234b86e elementor-section-boxed elementor-section-height-default elementor-section-height-default\" data-id=\"234b86e\" data-element_type=\"section\" data-e-type=\"section\">\n\t\t\t\t\t\t<div class=\"elementor-container elementor-column-gap-default\">\n\t\t\t\t\t<div class=\"elementor-column elementor-col-100 elementor-top-column elementor-element elementor-element-6cec024\" data-id=\"6cec024\" data-element_type=\"column\" data-e-type=\"column\">\n\t\t\t<div class=\"elementor-widget-wrap elementor-element-populated\">\n\t\t\t\t\t\t<div class=\"elementor-element elementor-element-cb22130 elementor-invisible elementor-widget elementor-widget-heading\" data-id=\"cb22130\" data-element_type=\"widget\" data-e-type=\"widget\" data-settings=\"{&quot;_animation&quot;:&quot;fadeIn&quot;,&quot;_animation_delay&quot;:400}\" data-widget_type=\"heading.default\">\n\t\t\t\t<div class=\"elementor-widget-container\">\n\t\t\t\t\t<h5 class=\"elementor-heading-title elementor-size-default\">WE ARE A PROFESSIONAL TEAM IN CONSTANT SEARCH OF DIGITAL SOLUTIONS AT THE SERVICE OF VARIOUS INDUSTRIES. WE EXPLORE TECHNOLOGY THAT ALLOWS US TO DO THINGS BETTER BY CONSTANTLY SUPPORTING OUR CUSTOMERS IN THIS PROCESS OF CHANGE.<\/h5>\t\t\t\t<\/div>\n\t\t\t\t<\/div>\n\t\t\t\t\t<\/div>\n\t\t<\/div>\n\t\t\t\t\t<\/div>\n\t\t<\/section>\n\t\t\t\t<section class=\"elementor-section elementor-top-section elementor-element elementor-element-4b52f8f elementor-section-boxed elementor-section-height-default elementor-section-height-default\" data-id=\"4b52f8f\" data-element_type=\"section\" data-e-type=\"section\">\n\t\t\t\t\t\t<div class=\"elementor-container elementor-column-gap-default\">\n\t\t\t\t\t<div class=\"elementor-column elementor-col-50 elementor-top-column elementor-element elementor-element-59c397e\" data-id=\"59c397e\" data-element_type=\"column\" data-e-type=\"column\">\n\t\t\t<div class=\"elementor-widget-wrap elementor-element-populated\">\n\t\t\t\t\t\t<div class=\"elementor-element elementor-element-bcbfbe3 elementor-widget elementor-widget-heading\" data-id=\"bcbfbe3\" data-element_type=\"widget\" data-e-type=\"widget\" data-widget_type=\"heading.default\">\n\t\t\t\t<div class=\"elementor-widget-container\">\n\t\t\t\t\t<h2 class=\"elementor-heading-title elementor-size-default\">Un explorador de lo digital<\/h2>\t\t\t\t<\/div>\n\t\t\t\t<\/div>\n\t\t\t\t<div class=\"elementor-element elementor-element-abebf8f elementor-widget elementor-widget-text-editor\" data-id=\"abebf8f\" data-element_type=\"widget\" data-e-type=\"widget\" data-widget_type=\"text-editor.default\">\n\t\t\t\t<div class=\"elementor-widget-container\">\n\t\t\t\t\t\t\t\t\t<p>Somos una marca con esp\u00edritu pionero, constantemente en la b\u00fasqueda de nuevas fronteras en el \u00e1mbito digital. Nos adentramos en este vasto mundo con curiosidad y determinaci\u00f3n, explorando las tecnolog\u00edas m\u00e1s recientes y avanzadas. Siempre nos movemos con la mentalidad de descubrir innovaciones que nos permitan mejorar continuamente lo que hacemos. Nuestra pasi\u00f3n por lo nuevo nos impulsa a evolucionar, adoptando cada avance que aporte valor a nuestra misi\u00f3n de ofrecer soluciones m\u00e1s eficientes y efectivas.<\/p>\t\t\t\t\t\t\t\t<\/div>\n\t\t\t\t<\/div>\n\t\t\t\t<div class=\"elementor-element elementor-element-30c7777 elementor-widget elementor-widget-heading\" data-id=\"30c7777\" data-element_type=\"widget\" data-e-type=\"widget\" data-widget_type=\"heading.default\">\n\t\t\t\t<div class=\"elementor-widget-container\">\n\t\t\t\t\t<h2 class=\"elementor-heading-title elementor-size-default\">Tecnolog\u00eda - Vanguardia - Integraci\u00f3n<\/h2>\t\t\t\t<\/div>\n\t\t\t\t<\/div>\n\t\t\t\t\t<\/div>\n\t\t<\/div>\n\t\t\t\t<div class=\"elementor-column elementor-col-50 elementor-top-column elementor-element elementor-element-b6346ce\" data-id=\"b6346ce\" data-element_type=\"column\" data-e-type=\"column\">\n\t\t\t<div class=\"elementor-widget-wrap elementor-element-populated\">\n\t\t\t\t\t\t<div class=\"elementor-element elementor-element-82de3ba elementor-widget elementor-widget-image\" data-id=\"82de3ba\" data-element_type=\"widget\" data-e-type=\"widget\" data-widget_type=\"image.default\">\n\t\t\t\t<div class=\"elementor-widget-container\">\n\t\t\t\t\t\t\t\t\t\t\t\t\t\t\t<img fetchpriority=\"high\" decoding=\"async\" width=\"800\" height=\"450\" src=\"https:\/\/rever-digital.com\/inicio\/wp-content\/uploads\/2024\/09\/iStock-1276633140-1024x576.jpg\" class=\"attachment-large size-large wp-image-5039\" alt=\"\" srcset=\"https:\/\/rever-digital.com\/inicio\/wp-content\/uploads\/2024\/09\/iStock-1276633140-1024x576.jpg 1024w, https:\/\/rever-digital.com\/inicio\/wp-content\/uploads\/2024\/09\/iStock-1276633140-300x169.jpg 300w, https:\/\/rever-digital.com\/inicio\/wp-content\/uploads\/2024\/09\/iStock-1276633140-768x432.jpg 768w, https:\/\/rever-digital.com\/inicio\/wp-content\/uploads\/2024\/09\/iStock-1276633140-1536x864.jpg 1536w, https:\/\/rever-digital.com\/inicio\/wp-content\/uploads\/2024\/09\/iStock-1276633140-2048x1152.jpg 2048w, https:\/\/rever-digital.com\/inicio\/wp-content\/uploads\/2024\/09\/iStock-1276633140-18x10.jpg 18w\" sizes=\"(max-width: 800px) 100vw, 800px\" \/>\t\t\t\t\t\t\t\t\t\t\t\t\t\t\t<\/div>\n\t\t\t\t<\/div>\n\t\t\t\t\t<\/div>\n\t\t<\/div>\n\t\t\t\t\t<\/div>\n\t\t<\/section>\n\t\t\t\t<section class=\"elementor-section elementor-top-section elementor-element elementor-element-55a4066 elementor-section-boxed elementor-section-height-default elementor-section-height-default\" data-id=\"55a4066\" data-element_type=\"section\" data-e-type=\"section\">\n\t\t\t\t\t\t<div class=\"elementor-container elementor-column-gap-default\">\n\t\t\t\t\t<div class=\"elementor-column elementor-col-50 elementor-top-column elementor-element elementor-element-119ac25\" data-id=\"119ac25\" data-element_type=\"column\" data-e-type=\"column\">\n\t\t\t<div class=\"elementor-widget-wrap elementor-element-populated\">\n\t\t\t\t\t\t<div class=\"elementor-element elementor-element-02c881e elementor-widget elementor-widget-image\" data-id=\"02c881e\" data-element_type=\"widget\" data-e-type=\"widget\" data-widget_type=\"image.default\">\n\t\t\t\t<div class=\"elementor-widget-container\">\n\t\t\t\t\t\t\t\t\t\t\t\t\t\t\t<img decoding=\"async\" width=\"800\" height=\"534\" src=\"https:\/\/rever-digital.com\/inicio\/wp-content\/uploads\/2024\/09\/IMG_2368-1-1024x683.jpg\" class=\"attachment-large size-large wp-image-4996\" alt=\"\" srcset=\"https:\/\/rever-digital.com\/inicio\/wp-content\/uploads\/2024\/09\/IMG_2368-1-1024x683.jpg 1024w, https:\/\/rever-digital.com\/inicio\/wp-content\/uploads\/2024\/09\/IMG_2368-1-300x200.jpg 300w, https:\/\/rever-digital.com\/inicio\/wp-content\/uploads\/2024\/09\/IMG_2368-1-768x512.jpg 768w, https:\/\/rever-digital.com\/inicio\/wp-content\/uploads\/2024\/09\/IMG_2368-1-18x12.jpg 18w, https:\/\/rever-digital.com\/inicio\/wp-content\/uploads\/2024\/09\/IMG_2368-1.jpg 1500w\" sizes=\"(max-width: 800px) 100vw, 800px\" \/>\t\t\t\t\t\t\t\t\t\t\t\t\t\t\t<\/div>\n\t\t\t\t<\/div>\n\t\t\t\t\t<\/div>\n\t\t<\/div>\n\t\t\t\t<div class=\"elementor-column elementor-col-50 elementor-top-column elementor-element elementor-element-9c82d3f\" data-id=\"9c82d3f\" data-element_type=\"column\" data-e-type=\"column\">\n\t\t\t<div class=\"elementor-widget-wrap elementor-element-populated\">\n\t\t\t\t\t\t<div class=\"elementor-element elementor-element-ddc6302 elementor-widget elementor-widget-heading\" data-id=\"ddc6302\" data-element_type=\"widget\" data-e-type=\"widget\" data-widget_type=\"heading.default\">\n\t\t\t\t<div class=\"elementor-widget-container\">\n\t\t\t\t\t<h2 class=\"elementor-heading-title elementor-size-default\">Un profesional humano<\/h2>\t\t\t\t<\/div>\n\t\t\t\t<\/div>\n\t\t\t\t<div class=\"elementor-element elementor-element-de633a5 elementor-widget elementor-widget-text-editor\" data-id=\"de633a5\" data-element_type=\"widget\" data-e-type=\"widget\" data-widget_type=\"text-editor.default\">\n\t\t\t\t<div class=\"elementor-widget-container\">\n\t\t\t\t\t\t\t\t\t<p>Somos m\u00e1s que solo tecnolog\u00eda; somos personas al servicio de personas. En cada interacci\u00f3n, nos aseguramos de complementar nuestras soluciones tecnol\u00f3gicas con una atenci\u00f3n genuina y personalizada. Valoramos a nuestros clientes, escuchamos atentamente sus necesidades y respondemos de manera oportuna, con claridad y precisi\u00f3n. Nos enorgullece ir m\u00e1s all\u00e1 de lo esperado, poniendo un esfuerzo adicional en cada detalle para garantizar que brindamos un servicio excepcional. Creemos firmemente que la tecnolog\u00eda es una herramienta poderosa, pero es el toque humano lo que realmente marca la diferencia.<\/p>\t\t\t\t\t\t\t\t<\/div>\n\t\t\t\t<\/div>\n\t\t\t\t<div class=\"elementor-element elementor-element-6b2c446 elementor-widget elementor-widget-heading\" data-id=\"6b2c446\" data-element_type=\"widget\" data-e-type=\"widget\" data-widget_type=\"heading.default\">\n\t\t\t\t<div class=\"elementor-widget-container\">\n\t\t\t\t\t<h2 class=\"elementor-heading-title elementor-size-default\">Confianza - Simplicidad - Profesionalismo<\/h2>\t\t\t\t<\/div>\n\t\t\t\t<\/div>\n\t\t\t\t\t<\/div>\n\t\t<\/div>\n\t\t\t\t\t<\/div>\n\t\t<\/section>\n\t\t\t\t<section class=\"elementor-section elementor-top-section elementor-element elementor-element-bad430c elementor-section-content-middle elementor-section-boxed elementor-section-height-default elementor-section-height-default\" data-id=\"bad430c\" data-element_type=\"section\" data-e-type=\"section\">\n\t\t\t\t\t\t<div class=\"elementor-container elementor-column-gap-default\">\n\t\t\t\t\t<div class=\"elementor-column elementor-col-50 elementor-top-column elementor-element elementor-element-6d38e37\" data-id=\"6d38e37\" data-element_type=\"column\" data-e-type=\"column\">\n\t\t\t<div class=\"elementor-widget-wrap elementor-element-populated\">\n\t\t\t\t\t\t<div class=\"elementor-element elementor-element-7b3ba55 elementor-invisible elementor-widget elementor-widget-heading\" data-id=\"7b3ba55\" data-element_type=\"widget\" data-e-type=\"widget\" data-settings=\"{&quot;_animation&quot;:&quot;fadeIn&quot;,&quot;_animation_delay&quot;:200}\" data-widget_type=\"heading.default\">\n\t\t\t\t<div class=\"elementor-widget-container\">\n\t\t\t\t\t<h1 class=\"elementor-heading-title elementor-size-default\">FOUNDER<\/h1>\t\t\t\t<\/div>\n\t\t\t\t<\/div>\n\t\t\t\t<div class=\"elementor-element elementor-element-446a90a elementor-invisible elementor-widget elementor-widget-heading\" data-id=\"446a90a\" data-element_type=\"widget\" data-e-type=\"widget\" data-settings=\"{&quot;_animation&quot;:&quot;fadeIn&quot;,&quot;_animation_delay&quot;:600}\" data-widget_type=\"heading.default\">\n\t\t\t\t<div class=\"elementor-widget-container\">\n\t\t\t\t\t<p class=\"elementor-heading-title elementor-size-default\">Passionate about technology and innovation, focused on helping people. REVER is the mixture of these two components, obtaining as a result the spirit of a digital explorer at the service of people.<\/p>\t\t\t\t<\/div>\n\t\t\t\t<\/div>\n\t\t\t\t\t<\/div>\n\t\t<\/div>\n\t\t\t\t<div class=\"elementor-column elementor-col-50 elementor-top-column elementor-element elementor-element-c55f69f\" data-id=\"c55f69f\" data-element_type=\"column\" data-e-type=\"column\">\n\t\t\t<div class=\"elementor-widget-wrap\">\n\t\t\t\t\t\t\t<\/div>\n\t\t<\/div>\n\t\t\t\t\t<\/div>\n\t\t<\/section>\n\t\t\t\t<section class=\"elementor-section elementor-top-section elementor-element elementor-element-809c2f3 elementor-section-content-top elementor-section-boxed elementor-section-height-default elementor-section-height-default\" data-id=\"809c2f3\" data-element_type=\"section\" data-e-type=\"section\">\n\t\t\t\t\t\t<div class=\"elementor-container elementor-column-gap-default\">\n\t\t\t\t\t<div class=\"elementor-column elementor-col-50 elementor-top-column elementor-element elementor-element-6aa2f35\" data-id=\"6aa2f35\" data-element_type=\"column\" data-e-type=\"column\">\n\t\t\t<div class=\"elementor-widget-wrap elementor-element-populated\">\n\t\t\t\t\t\t<div class=\"elementor-element elementor-element-3d96ea0 elementor-widget elementor-widget-image\" data-id=\"3d96ea0\" data-element_type=\"widget\" data-e-type=\"widget\" data-widget_type=\"image.default\">\n\t\t\t\t<div class=\"elementor-widget-container\">\n\t\t\t\t\t\t\t\t\t\t\t\t\t\t\t<img decoding=\"async\" width=\"768\" height=\"960\" src=\"https:\/\/rever-digital.com\/inicio\/wp-content\/uploads\/2023\/02\/fc-768x960.jpg\" class=\"attachment-medium_large size-medium_large wp-image-1836\" alt=\"\" srcset=\"https:\/\/rever-digital.com\/inicio\/wp-content\/uploads\/2023\/02\/fc-768x960.jpg 768w, https:\/\/rever-digital.com\/inicio\/wp-content\/uploads\/2023\/02\/fc-240x300.jpg 240w, https:\/\/rever-digital.com\/inicio\/wp-content\/uploads\/2023\/02\/fc.jpg 800w\" sizes=\"(max-width: 768px) 100vw, 768px\" \/>\t\t\t\t\t\t\t\t\t\t\t\t\t\t\t<\/div>\n\t\t\t\t<\/div>\n\t\t\t\t\t<\/div>\n\t\t<\/div>\n\t\t\t\t<div class=\"elementor-column elementor-col-50 elementor-top-column elementor-element elementor-element-d098406\" data-id=\"d098406\" data-element_type=\"column\" data-e-type=\"column\">\n\t\t\t<div class=\"elementor-widget-wrap elementor-element-populated\">\n\t\t\t\t\t\t<div class=\"elementor-element elementor-element-89daa2c elementor-blockquote--skin-border elementor-widget elementor-widget-blockquote\" data-id=\"89daa2c\" data-element_type=\"widget\" data-e-type=\"widget\" data-widget_type=\"blockquote.default\">\n\t\t\t\t<div class=\"elementor-widget-container\">\n\t\t\t\t\t\t\t<blockquote class=\"elementor-blockquote\">\n\t\t\t<p class=\"elementor-blockquote__content\">\n\t\t\t\t\"The world is becoming more and more digitized. However, there are still industries subject to the 2D model. REVER comes to take a step forward with 3D technology and digital twins. Our main tools are: cutting-edge technology and human support based on the professionalism and trust of people. This is the promise of REVER on its way to support the world digitally.\"\t\t\t<\/p>\n\t\t\t\t\t\t\t<div class=\"e-q-footer\">\n\t\t\t\t\t\t\t\t\t\t\t<cite class=\"elementor-blockquote__author\">Felipe C\u00e9spedes Navarro - CEO REVER<\/cite>\n\t\t\t\t\t\t\t\t\t\t\t\t\t\t<\/div>\n\t\t\t\t\t<\/blockquote>\n\t\t\t\t\t\t<\/div>\n\t\t\t\t<\/div>\n\t\t\t\t\t<\/div>\n\t\t<\/div>\n\t\t\t\t\t<\/div>\n\t\t<\/section>\n\t\t\t\t<section class=\"elementor-section elementor-top-section elementor-element elementor-element-b88910f elementor-hidden-tablet elementor-hidden-mobile elementor-section-boxed elementor-section-height-default elementor-section-height-default\" data-id=\"b88910f\" data-element_type=\"section\" data-e-type=\"section\">\n\t\t\t\t\t\t<div class=\"elementor-container elementor-column-gap-default\">\n\t\t\t\t\t<div class=\"elementor-column elementor-col-100 elementor-top-column elementor-element elementor-element-9ac953a\" data-id=\"9ac953a\" data-element_type=\"column\" data-e-type=\"column\">\n\t\t\t<div class=\"elementor-widget-wrap elementor-element-populated\">\n\t\t\t\t\t\t<div class=\"elementor-element elementor-element-cf8c05d elementor-widget elementor-widget-heading\" data-id=\"cf8c05d\" data-element_type=\"widget\" data-e-type=\"widget\" data-widget_type=\"heading.default\">\n\t\t\t\t<div class=\"elementor-widget-container\">\n\t\t\t\t\t<h2 class=\"elementor-heading-title elementor-size-default\">Nuestros Clientes<\/h2>\t\t\t\t<\/div>\n\t\t\t\t<\/div>\n\t\t\t\t\t<\/div>\n\t\t<\/div>\n\t\t\t\t\t<\/div>\n\t\t<\/section>\n\t\t\t\t<section class=\"elementor-section elementor-top-section elementor-element elementor-element-ed776f1 elementor-hidden-tablet elementor-hidden-mobile elementor-section-boxed elementor-section-height-default elementor-section-height-default\" data-id=\"ed776f1\" data-element_type=\"section\" data-e-type=\"section\">\n\t\t\t\t\t\t<div class=\"elementor-container elementor-column-gap-default\">\n\t\t\t\t\t<div class=\"elementor-column elementor-col-100 elementor-top-column elementor-element elementor-element-869f3d8\" data-id=\"869f3d8\" data-element_type=\"column\" data-e-type=\"column\">\n\t\t\t<div class=\"elementor-widget-wrap elementor-element-populated\">\n\t\t\t\t\t\t<section class=\"elementor-section elementor-inner-section elementor-element elementor-element-7b1ef82 elementor-section-full_width elementor-section-height-min-height elementor-section-content-middle elementor-section-height-default\" data-id=\"7b1ef82\" data-element_type=\"section\" data-e-type=\"section\">\n\t\t\t\t\t\t<div class=\"elementor-container elementor-column-gap-default\">\n\t\t\t\t\t<div class=\"elementor-column elementor-col-33 elementor-inner-column elementor-element elementor-element-8073def\" data-id=\"8073def\" data-element_type=\"column\" data-e-type=\"column\" data-settings=\"{&quot;background_background&quot;:&quot;classic&quot;}\">\n\t\t\t<div class=\"elementor-widget-wrap elementor-element-populated\">\n\t\t\t\t\t\t\t<\/div>\n\t\t<\/div>\n\t\t\t\t<div class=\"elementor-column elementor-col-33 elementor-inner-column elementor-element elementor-element-0a6abbb\" data-id=\"0a6abbb\" data-element_type=\"column\" data-e-type=\"column\" data-settings=\"{&quot;background_background&quot;:&quot;classic&quot;}\">\n\t\t\t<div class=\"elementor-widget-wrap elementor-element-populated\">\n\t\t\t\t\t\t\t<\/div>\n\t\t<\/div>\n\t\t\t\t<div class=\"elementor-column elementor-col-33 elementor-inner-column elementor-element elementor-element-cc3fc26\" data-id=\"cc3fc26\" data-element_type=\"column\" data-e-type=\"column\" data-settings=\"{&quot;background_background&quot;:&quot;classic&quot;}\">\n\t\t\t<div class=\"elementor-widget-wrap elementor-element-populated\">\n\t\t\t\t\t\t\t<\/div>\n\t\t<\/div>\n\t\t\t\t\t<\/div>\n\t\t<\/section>\n\t\t\t\t<section class=\"elementor-section elementor-inner-section elementor-element elementor-element-4a3fda4 elementor-section-full_width elementor-section-height-min-height elementor-section-content-middle elementor-section-height-default\" data-id=\"4a3fda4\" data-element_type=\"section\" data-e-type=\"section\">\n\t\t\t\t\t\t<div class=\"elementor-container elementor-column-gap-default\">\n\t\t\t\t\t<div class=\"elementor-column elementor-col-33 elementor-inner-column elementor-element elementor-element-7ae69b2\" data-id=\"7ae69b2\" data-element_type=\"column\" data-e-type=\"column\" data-settings=\"{&quot;background_background&quot;:&quot;classic&quot;}\">\n\t\t\t<div class=\"elementor-widget-wrap elementor-element-populated\">\n\t\t\t\t\t\t\t<\/div>\n\t\t<\/div>\n\t\t\t\t<div class=\"elementor-column elementor-col-33 elementor-inner-column elementor-element elementor-element-f5a3969\" data-id=\"f5a3969\" data-element_type=\"column\" data-e-type=\"column\" data-settings=\"{&quot;background_background&quot;:&quot;classic&quot;}\">\n\t\t\t<div class=\"elementor-widget-wrap elementor-element-populated\">\n\t\t\t\t\t\t\t<\/div>\n\t\t<\/div>\n\t\t\t\t<div class=\"elementor-column elementor-col-33 elementor-inner-column elementor-element elementor-element-d42ee89\" data-id=\"d42ee89\" data-element_type=\"column\" data-e-type=\"column\" data-settings=\"{&quot;background_background&quot;:&quot;classic&quot;}\">\n\t\t\t<div class=\"elementor-widget-wrap elementor-element-populated\">\n\t\t\t\t\t\t\t<\/div>\n\t\t<\/div>\n\t\t\t\t\t<\/div>\n\t\t<\/section>\n\t\t\t\t\t<\/div>\n\t\t<\/div>\n\t\t\t\t\t<\/div>\n\t\t<\/section>\n\t\t\t\t<\/div>","protected":false},"excerpt":{"rendered":"<p>PROFESIONALES QUE BUSCAN VANGUARDIA SOMOS UN EQUIPO PROFESIONAL EN CONSTANTE B\u00daSQUEDA DE SOLUCIONES DIGITALES AL SERVICIO DE DIVERSAS INDUSTRIAS. EXPLORAMOS TECNOLOG\u00cdA QUE NOS PERMITA HACER MEJOR LAS COSAS APOYANDO CONSTANTEMENTE A NUESTROS CLIENTES EN ESTE PROCESO DE CAMBIO. Un explorador de lo digital Somos una marca con esp\u00edritu pionero, constantemente en la b\u00fasqueda de nuevas [&hellip;]<\/p>","protected":false},"author":1,"featured_media":0,"parent":0,"menu_order":0,"comment_status":"closed","ping_status":"closed","template":"","meta":{"content-type":"","footnotes":""},"class_list":["post-1563","page","type-page","status-publish","hentry"],"_links":{"self":[{"href":"https:\/\/rever-digital.com\/inicio\/en\/wp-json\/wp\/v2\/pages\/1563","targetHints":{"allow":["GET"]}}],"collection":[{"href":"https:\/\/rever-digital.com\/inicio\/en\/wp-json\/wp\/v2\/pages"}],"about":[{"href":"https:\/\/rever-digital.com\/inicio\/en\/wp-json\/wp\/v2\/types\/page"}],"author":[{"embeddable":true,"href":"https:\/\/rever-digital.com\/inicio\/en\/wp-json\/wp\/v2\/users\/1"}],"replies":[{"embeddable":true,"href":"https:\/\/rever-digital.com\/inicio\/en\/wp-json\/wp\/v2\/comments?post=1563"}],"version-history":[{"count":64,"href":"https:\/\/rever-digital.com\/inicio\/en\/wp-json\/wp\/v2\/pages\/1563\/revisions"}],"predecessor-version":[{"id":5059,"href":"https:\/\/rever-digital.com\/inicio\/en\/wp-json\/wp\/v2\/pages\/1563\/revisions\/5059"}],"wp:attachment":[{"href":"https:\/\/rever-digital.com\/inicio\/en\/wp-json\/wp\/v2\/media?parent=1563"}],"curies":[{"name":"wp","href":"https:\/\/api.w.org\/{rel}","templated":true}]}}