{"id":332,"date":"2023-01-06T14:22:34","date_gmt":"2023-01-06T14:22:34","guid":{"rendered":"https:\/\/rever-digital.com\/inicio\/?page_id=332"},"modified":"2024-07-18T13:10:11","modified_gmt":"2024-07-18T13:10:11","slug":"nubes-de-puntos","status":"publish","type":"page","link":"https:\/\/rever-digital.com\/inicio\/en\/nubes-de-puntos\/","title":{"rendered":"Nubes de puntos"},"content":{"rendered":"<div data-elementor-type=\"wp-page\" data-elementor-id=\"332\" class=\"elementor elementor-332\" data-elementor-post-type=\"page\">\n\t\t\t\t\t\t<section class=\"elementor-section elementor-top-section elementor-element elementor-element-bee065e elementor-section-height-min-height elementor-section-boxed elementor-section-height-default elementor-section-items-middle\" data-id=\"bee065e\" data-element_type=\"section\" data-e-type=\"section\" data-settings=\"{&quot;background_background&quot;:&quot;classic&quot;}\">\n\t\t\t\t\t\t<div class=\"elementor-container elementor-column-gap-default\">\n\t\t\t\t\t<div class=\"elementor-column elementor-col-50 elementor-top-column elementor-element elementor-element-31de98d\" data-id=\"31de98d\" data-element_type=\"column\" data-e-type=\"column\">\n\t\t\t<div class=\"elementor-widget-wrap elementor-element-populated\">\n\t\t\t\t\t\t<div class=\"elementor-element elementor-element-d192097 elementor-widget elementor-widget-heading\" data-id=\"d192097\" data-element_type=\"widget\" data-e-type=\"widget\" data-widget_type=\"heading.default\">\n\t\t\t\t<div class=\"elementor-widget-container\">\n\t\t\t\t\t<h2 class=\"elementor-heading-title elementor-size-default\">POINT CLOUDS<\/h2>\t\t\t\t<\/div>\n\t\t\t\t<\/div>\n\t\t\t\t\t<\/div>\n\t\t<\/div>\n\t\t\t\t<div class=\"elementor-column elementor-col-50 elementor-top-column elementor-element elementor-element-8d45621\" data-id=\"8d45621\" data-element_type=\"column\" data-e-type=\"column\">\n\t\t\t<div class=\"elementor-widget-wrap\">\n\t\t\t\t\t\t\t<\/div>\n\t\t<\/div>\n\t\t\t\t\t<\/div>\n\t\t<\/section>\n\t\t\t\t<section class=\"elementor-section elementor-top-section elementor-element elementor-element-8f1b9e0 elementor-section-content-middle elementor-section-boxed elementor-section-height-default elementor-section-height-default\" data-id=\"8f1b9e0\" data-element_type=\"section\" data-e-type=\"section\">\n\t\t\t\t\t\t<div class=\"elementor-container elementor-column-gap-default\">\n\t\t\t\t\t<div class=\"elementor-column elementor-col-50 elementor-top-column elementor-element elementor-element-c861be3\" data-id=\"c861be3\" data-element_type=\"column\" data-e-type=\"column\">\n\t\t\t<div class=\"elementor-widget-wrap elementor-element-populated\">\n\t\t\t\t\t\t<div class=\"elementor-element elementor-element-a429c3c elementor-widget elementor-widget-heading\" data-id=\"a429c3c\" data-element_type=\"widget\" data-e-type=\"widget\" data-widget_type=\"heading.default\">\n\t\t\t\t<div class=\"elementor-widget-container\">\n\t\t\t\t\t<h1 class=\"elementor-heading-title elementor-size-default\">POINT CLOUDS PROCESSES<\/h1>\t\t\t\t<\/div>\n\t\t\t\t<\/div>\n\t\t\t\t<div class=\"elementor-element elementor-element-c821fd4 elementor-widget elementor-widget-heading\" data-id=\"c821fd4\" data-element_type=\"widget\" data-e-type=\"widget\" data-widget_type=\"heading.default\">\n\t\t\t\t<div class=\"elementor-widget-container\">\n\t\t\t\t\t<p class=\"elementor-heading-title elementor-size-default\">There are various ways to capture reality and bring it to the digital world. Historically it has been done by conventional surveying, with the use of theodolites, engineer's levels, total stations and GNSS geodetic equipment. All these teams managed to capture only a part of the world, since their measurement capacity is reduced, in the best of cases, to one point per second. In contrast, there are currently technologies that manage to capture millions of points per second, completely changing the scenario of conventional topography. These technologies can be summarized in two large techniques, photogrammetry and laser scanning.<\/p>\t\t\t\t<\/div>\n\t\t\t\t<\/div>\n\t\t\t\t<div class=\"elementor-element elementor-element-6438198 elementor-widget elementor-widget-heading\" data-id=\"6438198\" data-element_type=\"widget\" data-e-type=\"widget\" data-widget_type=\"heading.default\">\n\t\t\t\t<div class=\"elementor-widget-container\">\n\t\t\t\t\t<p class=\"elementor-heading-title elementor-size-default\">At REVER we know these new technologies in depth and with them we have carried out projects of various sizes, always with optimal results in terms of safety, productivity and precision.<\/p>\t\t\t\t<\/div>\n\t\t\t\t<\/div>\n\t\t\t\t\t<\/div>\n\t\t<\/div>\n\t\t\t\t<div class=\"elementor-column elementor-col-50 elementor-top-column elementor-element elementor-element-8e832fc\" data-id=\"8e832fc\" data-element_type=\"column\" data-e-type=\"column\">\n\t\t\t<div class=\"elementor-widget-wrap elementor-element-populated\">\n\t\t\t\t\t\t<div class=\"elementor-element elementor-element-45bafa0 elementor-widget elementor-widget-image\" data-id=\"45bafa0\" data-element_type=\"widget\" data-e-type=\"widget\" data-widget_type=\"image.default\">\n\t\t\t\t<div class=\"elementor-widget-container\">\n\t\t\t\t\t\t\t\t\t\t\t\t\t\t\t<img fetchpriority=\"high\" decoding=\"async\" width=\"768\" height=\"768\" src=\"https:\/\/rever-digital.com\/inicio\/wp-content\/uploads\/2023\/01\/pruebartc-768x768.png\" class=\"attachment-medium_large size-medium_large wp-image-1519\" alt=\"\" srcset=\"https:\/\/rever-digital.com\/inicio\/wp-content\/uploads\/2023\/01\/pruebartc-768x768.png 768w, https:\/\/rever-digital.com\/inicio\/wp-content\/uploads\/2023\/01\/pruebartc-300x300.png 300w, https:\/\/rever-digital.com\/inicio\/wp-content\/uploads\/2023\/01\/pruebartc-150x150.png 150w, https:\/\/rever-digital.com\/inicio\/wp-content\/uploads\/2023\/01\/pruebartc.png 1000w\" sizes=\"(max-width: 768px) 100vw, 768px\" \/>\t\t\t\t\t\t\t\t\t\t\t\t\t\t\t<\/div>\n\t\t\t\t<\/div>\n\t\t\t\t\t<\/div>\n\t\t<\/div>\n\t\t\t\t\t<\/div>\n\t\t<\/section>\n\t\t\t\t<section class=\"elementor-section elementor-top-section elementor-element elementor-element-952e9e0 elementor-section-content-middle elementor-section-full_width elementor-section-height-default elementor-section-height-default\" data-id=\"952e9e0\" data-element_type=\"section\" data-e-type=\"section\" id=\"Fotogrametria\" data-settings=\"{&quot;background_background&quot;:&quot;classic&quot;}\">\n\t\t\t\t\t\t<div class=\"elementor-container elementor-column-gap-default\">\n\t\t\t\t\t<div class=\"elementor-column elementor-col-50 elementor-top-column elementor-element elementor-element-1730cee\" data-id=\"1730cee\" data-element_type=\"column\" data-e-type=\"column\">\n\t\t\t<div class=\"elementor-widget-wrap elementor-element-populated\">\n\t\t\t\t\t\t<div class=\"elementor-element elementor-element-fcf20c0 elementor-invisible elementor-widget elementor-widget-image\" data-id=\"fcf20c0\" data-element_type=\"widget\" data-e-type=\"widget\" data-settings=\"{&quot;_animation&quot;:&quot;slideInLeft&quot;}\" data-widget_type=\"image.default\">\n\t\t\t\t<div class=\"elementor-widget-container\">\n\t\t\t\t\t\t\t\t\t\t\t\t\t\t\t<img decoding=\"async\" width=\"768\" height=\"549\" src=\"https:\/\/rever-digital.com\/inicio\/wp-content\/uploads\/2023\/01\/foto-aerea-768x549.jpg\" class=\"attachment-medium_large size-medium_large wp-image-1520\" alt=\"\" srcset=\"https:\/\/rever-digital.com\/inicio\/wp-content\/uploads\/2023\/01\/foto-aerea-768x549.jpg 768w, https:\/\/rever-digital.com\/inicio\/wp-content\/uploads\/2023\/01\/foto-aerea-300x215.jpg 300w, https:\/\/rever-digital.com\/inicio\/wp-content\/uploads\/2023\/01\/foto-aerea.jpg 1000w\" sizes=\"(max-width: 768px) 100vw, 768px\" \/>\t\t\t\t\t\t\t\t\t\t\t\t\t\t\t<\/div>\n\t\t\t\t<\/div>\n\t\t\t\t\t<\/div>\n\t\t<\/div>\n\t\t\t\t<div class=\"elementor-column elementor-col-50 elementor-top-column elementor-element elementor-element-f12a89b\" data-id=\"f12a89b\" data-element_type=\"column\" data-e-type=\"column\">\n\t\t\t<div class=\"elementor-widget-wrap elementor-element-populated\">\n\t\t\t\t\t\t<div class=\"elementor-element elementor-element-fdaf5cf elementor-widget elementor-widget-heading\" data-id=\"fdaf5cf\" data-element_type=\"widget\" data-e-type=\"widget\" data-widget_type=\"heading.default\">\n\t\t\t\t<div class=\"elementor-widget-container\">\n\t\t\t\t\t<h1 class=\"elementor-heading-title elementor-size-default\">PHOTOGRAMMETRY\n<\/h1>\t\t\t\t<\/div>\n\t\t\t\t<\/div>\n\t\t\t\t<div class=\"elementor-element elementor-element-e337b1d elementor-widget elementor-widget-text-editor\" data-id=\"e337b1d\" data-element_type=\"widget\" data-e-type=\"widget\" data-widget_type=\"text-editor.default\">\n\t\t\t\t<div class=\"elementor-widget-container\">\n\t\t\t\t\t\t\t\t\t<p>It is a technique that allows the study of shapes, dimensions and positions in space through the use of photographs. Given the appearance of drones and their increasing accessibility both in technical and economic terms, this technique has gained many followers in recent times.<\/p><p>In topography, and depending on the precision requirements of a project, many jobs that used to be done with instruments such as total stations or GNSS, are now done with photogrammetry by means of drones, since larger areas of land can be captured. in less time.<\/p><p>At REVER, we use different types of drones to perform photogrammetry, among which are: DJI Mavic 3, DJI Matrice 300 RTK and Flyability Elios 2 and Flyability Elios 3.<\/p>\t\t\t\t\t\t\t\t<\/div>\n\t\t\t\t<\/div>\n\t\t\t\t\t<\/div>\n\t\t<\/div>\n\t\t\t\t\t<\/div>\n\t\t<\/section>\n\t\t\t\t<section class=\"elementor-section elementor-top-section elementor-element elementor-element-4efb470 elementor-section-content-middle elementor-section-boxed elementor-section-height-default elementor-section-height-default\" data-id=\"4efb470\" data-element_type=\"section\" data-e-type=\"section\" id=\"EscanerLaser\">\n\t\t\t\t\t\t<div class=\"elementor-container elementor-column-gap-default\">\n\t\t\t\t\t<div class=\"elementor-column elementor-col-50 elementor-top-column elementor-element elementor-element-6769ac4\" data-id=\"6769ac4\" data-element_type=\"column\" data-e-type=\"column\">\n\t\t\t<div class=\"elementor-widget-wrap elementor-element-populated\">\n\t\t\t\t\t\t<div class=\"elementor-element elementor-element-ebe77f8 elementor-widget elementor-widget-heading\" data-id=\"ebe77f8\" data-element_type=\"widget\" data-e-type=\"widget\" data-widget_type=\"heading.default\">\n\t\t\t\t<div class=\"elementor-widget-container\">\n\t\t\t\t\t<h1 class=\"elementor-heading-title elementor-size-default\">LASER SCANNER - LiDAR\n<\/h1>\t\t\t\t<\/div>\n\t\t\t\t<\/div>\n\t\t\t\t<div class=\"elementor-element elementor-element-fbb0a6e elementor-widget elementor-widget-heading\" data-id=\"fbb0a6e\" data-element_type=\"widget\" data-e-type=\"widget\" data-widget_type=\"heading.default\">\n\t\t\t\t<div class=\"elementor-widget-container\">\n\t\t\t\t\t<p class=\"elementor-heading-title elementor-size-default\">Laser scanner technology or LiDAR (Light Detection and Ranging), is a device that allows distances to be measured through a pulse of light. Since the speed of light is known, the device calculates the time that elapses between the emission and reception of the pulse, thereby calculating the distance to the object. This process is repeated up to two million times per second, which is why the laser scanner equipment manages to capture millions of points in each position, a result that is finally called a cloud of points.<\/p>\t\t\t\t<\/div>\n\t\t\t\t<\/div>\n\t\t\t\t<div class=\"elementor-element elementor-element-9791690 elementor-widget elementor-widget-heading\" data-id=\"9791690\" data-element_type=\"widget\" data-e-type=\"widget\" data-widget_type=\"heading.default\">\n\t\t\t\t<div class=\"elementor-widget-container\">\n\t\t\t\t\t<p class=\"elementor-heading-title elementor-size-default\">Over time, its applications have been more and more transversal, going through industries such as mining to architecture. Although it is a technology capable of capturing reality in a very representative way, achieving exquisite detail in terms of the shapes of objects, its processes are still somewhat slow and require both time and experience to achieve adequate results in terms of precision and representativeness. One of the key points in working with point clouds is the POINT CLOUD REGISTRATION, a process that ends up determining the final quality of the captured information.<\/p>\t\t\t\t<\/div>\n\t\t\t\t<\/div>\n\t\t\t\t\t<\/div>\n\t\t<\/div>\n\t\t\t\t<div class=\"elementor-column elementor-col-50 elementor-top-column elementor-element elementor-element-19072ae\" data-id=\"19072ae\" data-element_type=\"column\" data-e-type=\"column\">\n\t\t\t<div class=\"elementor-widget-wrap elementor-element-populated\">\n\t\t\t\t\t\t<div class=\"elementor-element elementor-element-c347209 elementor-invisible elementor-widget elementor-widget-image\" data-id=\"c347209\" data-element_type=\"widget\" data-e-type=\"widget\" data-settings=\"{&quot;_animation&quot;:&quot;slideInRight&quot;}\" data-widget_type=\"image.default\">\n\t\t\t\t<div class=\"elementor-widget-container\">\n\t\t\t\t\t\t\t\t\t\t\t\t\t\t\t<img decoding=\"async\" width=\"768\" height=\"677\" src=\"https:\/\/rever-digital.com\/inicio\/wp-content\/uploads\/2023\/01\/elios3-768x677.webp\" class=\"attachment-medium_large size-medium_large wp-image-1521\" alt=\"\" srcset=\"https:\/\/rever-digital.com\/inicio\/wp-content\/uploads\/2023\/01\/elios3-768x677.webp 768w, https:\/\/rever-digital.com\/inicio\/wp-content\/uploads\/2023\/01\/elios3-300x264.webp 300w, https:\/\/rever-digital.com\/inicio\/wp-content\/uploads\/2023\/01\/elios3.webp 850w\" sizes=\"(max-width: 768px) 100vw, 768px\" \/>\t\t\t\t\t\t\t\t\t\t\t\t\t\t\t<\/div>\n\t\t\t\t<\/div>\n\t\t\t\t\t<\/div>\n\t\t<\/div>\n\t\t\t\t\t<\/div>\n\t\t<\/section>\n\t\t\t\t<section class=\"elementor-section elementor-top-section elementor-element elementor-element-04d542e elementor-section-height-min-height elementor-section-boxed elementor-section-height-default elementor-section-items-middle\" data-id=\"04d542e\" data-element_type=\"section\" data-e-type=\"section\" data-settings=\"{&quot;background_background&quot;:&quot;classic&quot;}\">\n\t\t\t\t\t\t<div class=\"elementor-container elementor-column-gap-default\">\n\t\t\t\t\t<div class=\"elementor-column elementor-col-100 elementor-top-column elementor-element elementor-element-2d252d6\" data-id=\"2d252d6\" data-element_type=\"column\" data-e-type=\"column\">\n\t\t\t<div class=\"elementor-widget-wrap elementor-element-populated\">\n\t\t\t\t\t\t<div class=\"elementor-element elementor-element-4d95d6c elementor-widget elementor-widget-heading\" data-id=\"4d95d6c\" data-element_type=\"widget\" data-e-type=\"widget\" data-widget_type=\"heading.default\">\n\t\t\t\t<div class=\"elementor-widget-container\">\n\t\t\t\t\t<h5 class=\"elementor-heading-title elementor-size-default\">At REVER we have years of experience in the use of this technology and we know the pains of the industries in terms of its use. That is why we are always concerned with accompanying the client in the use of the information captured to ensure that the data can be used and thus get the best out of this technology. <br>\nWe also know that a point cloud by itself is not very useful, complements are needed that can transform these millions -and in some cases billions- of data into useful information for the client. That is why we added to the service of capturing reality with a laser scanner, the digitization service through the development of 3D models.<\/h5>\t\t\t\t<\/div>\n\t\t\t\t<\/div>\n\t\t\t\t\t<\/div>\n\t\t<\/div>\n\t\t\t\t\t<\/div>\n\t\t<\/section>\n\t\t\t\t<section class=\"elementor-section elementor-top-section elementor-element elementor-element-e470cc0 elementor-section-content-middle elementor-section-boxed elementor-section-height-default elementor-section-height-default\" data-id=\"e470cc0\" data-element_type=\"section\" data-e-type=\"section\" id=\"Modelos3D\">\n\t\t\t\t\t\t<div class=\"elementor-container elementor-column-gap-default\">\n\t\t\t\t\t<div class=\"elementor-column elementor-col-50 elementor-top-column elementor-element elementor-element-6e48b0d elementor-hidden-mobile\" data-id=\"6e48b0d\" data-element_type=\"column\" data-e-type=\"column\">\n\t\t\t<div class=\"elementor-widget-wrap elementor-element-populated\">\n\t\t\t\t\t\t<div class=\"elementor-element elementor-element-fcd827f elementor-widget elementor-widget-image\" data-id=\"fcd827f\" data-element_type=\"widget\" data-e-type=\"widget\" data-widget_type=\"image.default\">\n\t\t\t\t<div class=\"elementor-widget-container\">\n\t\t\t\t\t\t\t\t\t\t\t\t\t\t\t<img loading=\"lazy\" decoding=\"async\" width=\"768\" height=\"512\" src=\"https:\/\/rever-digital.com\/inicio\/wp-content\/uploads\/2023\/01\/3dpc-768x512.png\" class=\"attachment-medium_large size-medium_large wp-image-1522\" alt=\"\" srcset=\"https:\/\/rever-digital.com\/inicio\/wp-content\/uploads\/2023\/01\/3dpc-768x512.png 768w, https:\/\/rever-digital.com\/inicio\/wp-content\/uploads\/2023\/01\/3dpc-300x200.png 300w, https:\/\/rever-digital.com\/inicio\/wp-content\/uploads\/2023\/01\/3dpc-1024x683.png 1024w, https:\/\/rever-digital.com\/inicio\/wp-content\/uploads\/2023\/01\/3dpc-1536x1024.png 1536w, https:\/\/rever-digital.com\/inicio\/wp-content\/uploads\/2023\/01\/3dpc-2048x1365.png 2048w\" sizes=\"(max-width: 768px) 100vw, 768px\" \/>\t\t\t\t\t\t\t\t\t\t\t\t\t\t\t<\/div>\n\t\t\t\t<\/div>\n\t\t\t\t\t<\/div>\n\t\t<\/div>\n\t\t\t\t<div class=\"elementor-column elementor-col-50 elementor-top-column elementor-element elementor-element-c2525f2\" data-id=\"c2525f2\" data-element_type=\"column\" data-e-type=\"column\">\n\t\t\t<div class=\"elementor-widget-wrap elementor-element-populated\">\n\t\t\t\t\t\t<div class=\"elementor-element elementor-element-488ce98 elementor-widget elementor-widget-heading\" data-id=\"488ce98\" data-element_type=\"widget\" data-e-type=\"widget\" data-widget_type=\"heading.default\">\n\t\t\t\t<div class=\"elementor-widget-container\">\n\t\t\t\t\t<h1 class=\"elementor-heading-title elementor-size-default\">3D MODEL<\/h1>\t\t\t\t<\/div>\n\t\t\t\t<\/div>\n\t\t\t\t<div class=\"elementor-element elementor-element-9752e96 elementor-widget elementor-widget-heading\" data-id=\"9752e96\" data-element_type=\"widget\" data-e-type=\"widget\" data-widget_type=\"heading.default\">\n\t\t\t\t<div class=\"elementor-widget-container\">\n\t\t\t\t\t<p class=\"elementor-heading-title elementor-size-default\">3D models are mathematical representations of objects, which are developed in specialized software for these purposes, such as BricsCAD, Revit, SolidWorks, Geomagic, among others.<\/p>\t\t\t\t<\/div>\n\t\t\t\t<\/div>\n\t\t\t\t<div class=\"elementor-element elementor-element-91d66f0 elementor-widget elementor-widget-heading\" data-id=\"91d66f0\" data-element_type=\"widget\" data-e-type=\"widget\" data-widget_type=\"heading.default\">\n\t\t\t\t<div class=\"elementor-widget-container\">\n\t\t\t\t\t<p class=\"elementor-heading-title elementor-size-default\">Currently, the use of point clouds helps to maintain reality in the creation of these 3D models, since the point cloud (reality with millimeter precision) is used to digitize or \"trace\" the 3D models. In this way, 3D models end up being a faithful representation of reality:<\/p>\t\t\t\t<\/div>\n\t\t\t\t<\/div>\n\t\t\t\t\t<\/div>\n\t\t<\/div>\n\t\t\t\t\t<\/div>\n\t\t<\/section>\n\t\t\t\t<section class=\"elementor-section elementor-top-section elementor-element elementor-element-4a1dea4 elementor-section-boxed elementor-section-height-default elementor-section-height-default\" data-id=\"4a1dea4\" data-element_type=\"section\" data-e-type=\"section\">\n\t\t\t\t\t\t<div class=\"elementor-container elementor-column-gap-default\">\n\t\t\t\t\t<div class=\"elementor-column elementor-col-100 elementor-top-column elementor-element elementor-element-5ae8cff\" data-id=\"5ae8cff\" data-element_type=\"column\" data-e-type=\"column\">\n\t\t\t<div class=\"elementor-widget-wrap elementor-element-populated\">\n\t\t\t\t\t\t<div class=\"elementor-element elementor-element-60ecd8e elementor-invisible elementor-widget elementor-widget-heading\" data-id=\"60ecd8e\" data-element_type=\"widget\" data-e-type=\"widget\" data-settings=\"{&quot;_animation&quot;:&quot;fadeIn&quot;,&quot;_animation_delay&quot;:200}\" data-widget_type=\"heading.default\">\n\t\t\t\t<div class=\"elementor-widget-container\">\n\t\t\t\t\t<h1 class=\"elementor-heading-title elementor-size-default\">LET'S TALK ABOUT POINT CLOUD SOLUTIONS<\/h1>\t\t\t\t<\/div>\n\t\t\t\t<\/div>\n\t\t\t\t<div class=\"elementor-element elementor-element-cf56ade elementor-widget elementor-widget-html\" data-id=\"cf56ade\" data-element_type=\"widget\" data-e-type=\"widget\" data-widget_type=\"html.default\">\n\t\t\t\t<div class=\"elementor-widget-container\">\n\t\t\t\t\t\n\t\t\t\t\t\t<script>\n\t\t\t\t\t\t\twindow.hsFormsOnReady = window.hsFormsOnReady || [];\n\t\t\t\t\t\t\twindow.hsFormsOnReady.push(()=>{\n\t\t\t\t\t\t\t\thbspt.forms.create({\n\t\t\t\t\t\t\t\t\tportalId: 25165338,\n\t\t\t\t\t\t\t\t\tformId: \"c6b1375a-e477-4216-8082-22c97a58be7b\",\n\t\t\t\t\t\t\t\t\ttarget: \"#hbspt-form-1775325223000-1625074149\",\n\t\t\t\t\t\t\t\t\tregion: \"\",\n\t\t\t\t\t\t\t\t\t\n\t\t\t\t\t\t\t})});\n\t\t\t\t\t\t<\/script>\n\t\t\t\t\t\t<div class=\"hbspt-form\" id=\"hbspt-form-1775325223000-1625074149\"><\/div>\t\t\t\t<\/div>\n\t\t\t\t<\/div>\n\t\t\t\t\t<\/div>\n\t\t<\/div>\n\t\t\t\t\t<\/div>\n\t\t<\/section>\n\t\t\t\t<\/div>","protected":false},"excerpt":{"rendered":"<p>NUBES DE PUNTOS PROCESOS CON NUBES DE PUNTOS Existen diversas formas de capturar la realidad y llevarla al mundo digital. Hist\u00f3ricamente se ha hecho mediante la topograf\u00eda convencional, con el uso de teodolitos, niveles de ingeniero, estaciones totales y equipos geod\u00e9sicos GNSS. Todos estos equipos lograban capturar solo una parte del mundo, ya que su [&hellip;]<\/p>","protected":false},"author":1,"featured_media":0,"parent":0,"menu_order":0,"comment_status":"closed","ping_status":"closed","template":"","meta":{"content-type":"","footnotes":""},"class_list":["post-332","page","type-page","status-publish","hentry"],"_links":{"self":[{"href":"https:\/\/rever-digital.com\/inicio\/en\/wp-json\/wp\/v2\/pages\/332","targetHints":{"allow":["GET"]}}],"collection":[{"href":"https:\/\/rever-digital.com\/inicio\/en\/wp-json\/wp\/v2\/pages"}],"about":[{"href":"https:\/\/rever-digital.com\/inicio\/en\/wp-json\/wp\/v2\/types\/page"}],"author":[{"embeddable":true,"href":"https:\/\/rever-digital.com\/inicio\/en\/wp-json\/wp\/v2\/users\/1"}],"replies":[{"embeddable":true,"href":"https:\/\/rever-digital.com\/inicio\/en\/wp-json\/wp\/v2\/comments?post=332"}],"version-history":[{"count":64,"href":"https:\/\/rever-digital.com\/inicio\/en\/wp-json\/wp\/v2\/pages\/332\/revisions"}],"predecessor-version":[{"id":4386,"href":"https:\/\/rever-digital.com\/inicio\/en\/wp-json\/wp\/v2\/pages\/332\/revisions\/4386"}],"wp:attachment":[{"href":"https:\/\/rever-digital.com\/inicio\/en\/wp-json\/wp\/v2\/media?parent=332"}],"curies":[{"name":"wp","href":"https:\/\/api.w.org\/{rel}","templated":true}]}}