{"id":1377,"date":"2023-01-18T13:08:36","date_gmt":"2023-01-18T13:08:36","guid":{"rendered":"https:\/\/rever-digital.com\/inicio\/?page_id=1377"},"modified":"2024-08-08T20:49:18","modified_gmt":"2024-08-08T20:49:18","slug":"3d-systems","status":"publish","type":"page","link":"https:\/\/rever-digital.com\/inicio\/3d-systems\/","title":{"rendered":"3D Systems"},"content":{"rendered":"\t\t<div data-elementor-type=\"wp-page\" data-elementor-id=\"1377\" class=\"elementor elementor-1377\" data-elementor-post-type=\"page\">\n\t\t\t\t\t\t<section class=\"elementor-section elementor-top-section elementor-element elementor-element-05846b1 elementor-section-boxed elementor-section-height-default elementor-section-height-default\" data-id=\"05846b1\" data-element_type=\"section\" data-e-type=\"section\" data-settings=\"{&quot;background_background&quot;:&quot;classic&quot;}\">\n\t\t\t\t\t\t<div class=\"elementor-container elementor-column-gap-default\">\n\t\t\t\t\t<div class=\"elementor-column elementor-col-50 elementor-top-column elementor-element elementor-element-0a20e87\" data-id=\"0a20e87\" data-element_type=\"column\" data-e-type=\"column\" data-settings=\"{&quot;background_background&quot;:&quot;classic&quot;}\">\n\t\t\t<div class=\"elementor-widget-wrap elementor-element-populated\">\n\t\t\t\t\t\t<div class=\"elementor-element elementor-element-5d2cc7e elementor-widget elementor-widget-heading\" data-id=\"5d2cc7e\" data-element_type=\"widget\" data-e-type=\"widget\" data-widget_type=\"heading.default\">\n\t\t\t\t<div class=\"elementor-widget-container\">\n\t\t\t\t\t<h2 class=\"elementor-heading-title elementor-size-default\">3D Systems<\/h2>\t\t\t\t<\/div>\n\t\t\t\t<\/div>\n\t\t\t\t<div class=\"elementor-element elementor-element-7193404 elementor-widget elementor-widget-heading\" data-id=\"7193404\" data-element_type=\"widget\" data-e-type=\"widget\" data-widget_type=\"heading.default\">\n\t\t\t\t<div class=\"elementor-widget-container\">\n\t\t\t\t\t<h2 class=\"elementor-heading-title elementor-size-default\">Herramientas para an\u00e1lisis de piezas mec\u00e1nicas<\/h2>\t\t\t\t<\/div>\n\t\t\t\t<\/div>\n\t\t\t\t\t<\/div>\n\t\t<\/div>\n\t\t\t\t<div class=\"elementor-column elementor-col-50 elementor-top-column elementor-element elementor-element-1082a89\" data-id=\"1082a89\" data-element_type=\"column\" data-e-type=\"column\">\n\t\t\t<div class=\"elementor-widget-wrap elementor-element-populated\">\n\t\t\t\t\t\t\t<\/div>\n\t\t<\/div>\n\t\t\t\t\t<\/div>\n\t\t<\/section>\n\t\t\t\t<section class=\"elementor-section elementor-top-section elementor-element elementor-element-1d41909 elementor-section-content-middle elementor-section-boxed elementor-section-height-default elementor-section-height-default\" data-id=\"1d41909\" data-element_type=\"section\" data-e-type=\"section\" id=\"design\">\n\t\t\t\t\t\t<div class=\"elementor-container elementor-column-gap-default\">\n\t\t\t\t\t<div class=\"elementor-column elementor-col-50 elementor-top-column elementor-element elementor-element-c89f9ea\" data-id=\"c89f9ea\" data-element_type=\"column\" data-e-type=\"column\">\n\t\t\t<div class=\"elementor-widget-wrap elementor-element-populated\">\n\t\t\t\t\t\t<div class=\"elementor-element elementor-element-5b2ad31 elementor-invisible elementor-widget elementor-widget-heading\" data-id=\"5b2ad31\" data-element_type=\"widget\" data-e-type=\"widget\" data-settings=\"{&quot;_animation&quot;:&quot;fadeIn&quot;,&quot;_animation_delay&quot;:200}\" data-widget_type=\"heading.default\">\n\t\t\t\t<div class=\"elementor-widget-container\">\n\t\t\t\t\t<h1 class=\"elementor-heading-title elementor-size-default\">GEOMAGIC DESIGN X\n<\/h1>\t\t\t\t<\/div>\n\t\t\t\t<\/div>\n\t\t\t\t<div class=\"elementor-element elementor-element-bff0e85 elementor-invisible elementor-widget elementor-widget-heading\" data-id=\"bff0e85\" data-element_type=\"widget\" data-e-type=\"widget\" data-settings=\"{&quot;_animation&quot;:&quot;fadeIn&quot;,&quot;_animation_delay&quot;:600}\" data-widget_type=\"heading.default\">\n\t\t\t\t<div class=\"elementor-widget-container\">\n\t\t\t\t\t<p class=\"elementor-heading-title elementor-size-default\">Las herramientas de Geomagic Design X permiten generar una recreaci\u00f3n fidedigna de la realidad a partir de los datos escaneados y manteniendo la intenci\u00f3n de dise\u00f1o.<\/p>\t\t\t\t<\/div>\n\t\t\t\t<\/div>\n\t\t\t\t<div class=\"elementor-element elementor-element-fdb64e3 elementor-invisible elementor-widget elementor-widget-heading\" data-id=\"fdb64e3\" data-element_type=\"widget\" data-e-type=\"widget\" data-settings=\"{&quot;_animation&quot;:&quot;fadeIn&quot;,&quot;_animation_delay&quot;:600}\" data-widget_type=\"heading.default\">\n\t\t\t\t<div class=\"elementor-widget-container\">\n\t\t\t\t\t<p class=\"elementor-heading-title elementor-size-default\">La superficie de la malla es separada en regiones de forma autom\u00e1tica y se identifican las geometr\u00edas de estas. Todas las herramientas CAD pueden utilizar estas regiones para acelerar el proceso de modelado.<\/p>\t\t\t\t<\/div>\n\t\t\t\t<\/div>\n\t\t\t\t<div class=\"elementor-element elementor-element-d7a1d4c elementor-invisible elementor-widget elementor-widget-heading\" data-id=\"d7a1d4c\" data-element_type=\"widget\" data-e-type=\"widget\" data-settings=\"{&quot;_animation&quot;:&quot;fadeIn&quot;,&quot;_animation_delay&quot;:600}\" data-widget_type=\"heading.default\">\n\t\t\t\t<div class=\"elementor-widget-container\">\n\t\t\t\t\t<p class=\"elementor-heading-title elementor-size-default\">Las piezas CAD generadas pueden ser exportadas a otros softwares de dise\u00f1o 3D (SolidWorks, Inventor) para modificar su dise\u00f1o, realizar ensamblajes o planos de manufactura.\n\n\n<\/p>\t\t\t\t<\/div>\n\t\t\t\t<\/div>\n\t\t\t\t\t<\/div>\n\t\t<\/div>\n\t\t\t\t<div class=\"elementor-column elementor-col-50 elementor-top-column elementor-element elementor-element-5db1383\" data-id=\"5db1383\" data-element_type=\"column\" data-e-type=\"column\">\n\t\t\t<div class=\"elementor-widget-wrap elementor-element-populated\">\n\t\t\t\t\t\t<div class=\"elementor-element elementor-element-2863ff1 elementor-widget elementor-widget-image\" data-id=\"2863ff1\" data-element_type=\"widget\" data-e-type=\"widget\" data-widget_type=\"image.default\">\n\t\t\t\t<div class=\"elementor-widget-container\">\n\t\t\t\t\t\t\t\t\t\t\t\t\t\t\t<img fetchpriority=\"high\" decoding=\"async\" width=\"1536\" height=\"1024\" src=\"https:\/\/rever-digital.com\/inicio\/wp-content\/uploads\/2023\/01\/geomagicpc-1536x1024.png\" class=\"attachment-1536x1536 size-1536x1536 wp-image-1381\" alt=\"\" srcset=\"https:\/\/rever-digital.com\/inicio\/wp-content\/uploads\/2023\/01\/geomagicpc-1536x1024.png 1536w, https:\/\/rever-digital.com\/inicio\/wp-content\/uploads\/2023\/01\/geomagicpc-300x200.png 300w, https:\/\/rever-digital.com\/inicio\/wp-content\/uploads\/2023\/01\/geomagicpc-1024x683.png 1024w, https:\/\/rever-digital.com\/inicio\/wp-content\/uploads\/2023\/01\/geomagicpc-768x512.png 768w, https:\/\/rever-digital.com\/inicio\/wp-content\/uploads\/2023\/01\/geomagicpc-2048x1365.png 2048w\" sizes=\"(max-width: 1536px) 100vw, 1536px\" \/>\t\t\t\t\t\t\t\t\t\t\t\t\t\t\t<\/div>\n\t\t\t\t<\/div>\n\t\t\t\t\t<\/div>\n\t\t<\/div>\n\t\t\t\t\t<\/div>\n\t\t<\/section>\n\t\t\t\t<section class=\"elementor-section elementor-top-section elementor-element elementor-element-b3c8148 elementor-section-content-middle elementor-section-boxed elementor-section-height-default elementor-section-height-default\" data-id=\"b3c8148\" data-element_type=\"section\" data-e-type=\"section\" id=\"control\">\n\t\t\t\t\t\t<div class=\"elementor-container elementor-column-gap-default\">\n\t\t\t\t\t<div class=\"elementor-column elementor-col-50 elementor-top-column elementor-element elementor-element-2986628\" data-id=\"2986628\" data-element_type=\"column\" data-e-type=\"column\">\n\t\t\t<div class=\"elementor-widget-wrap elementor-element-populated\">\n\t\t\t\t\t\t<div class=\"elementor-element elementor-element-d39508e elementor-hidden-mobile elementor-widget elementor-widget-image\" data-id=\"d39508e\" data-element_type=\"widget\" data-e-type=\"widget\" data-widget_type=\"image.default\">\n\t\t\t\t<div class=\"elementor-widget-container\">\n\t\t\t\t\t\t\t\t\t\t\t\t\t\t\t<img decoding=\"async\" width=\"800\" height=\"534\" src=\"https:\/\/rever-digital.com\/inicio\/wp-content\/uploads\/2023\/01\/controlpc-1024x683.png\" class=\"attachment-large size-large wp-image-1380\" alt=\"\" srcset=\"https:\/\/rever-digital.com\/inicio\/wp-content\/uploads\/2023\/01\/controlpc-1024x683.png 1024w, https:\/\/rever-digital.com\/inicio\/wp-content\/uploads\/2023\/01\/controlpc-300x200.png 300w, https:\/\/rever-digital.com\/inicio\/wp-content\/uploads\/2023\/01\/controlpc-768x512.png 768w, https:\/\/rever-digital.com\/inicio\/wp-content\/uploads\/2023\/01\/controlpc-1536x1024.png 1536w, https:\/\/rever-digital.com\/inicio\/wp-content\/uploads\/2023\/01\/controlpc-2048x1365.png 2048w\" sizes=\"(max-width: 800px) 100vw, 800px\" \/>\t\t\t\t\t\t\t\t\t\t\t\t\t\t\t<\/div>\n\t\t\t\t<\/div>\n\t\t\t\t\t<\/div>\n\t\t<\/div>\n\t\t\t\t<div class=\"elementor-column elementor-col-50 elementor-top-column elementor-element elementor-element-f4d1ad3\" data-id=\"f4d1ad3\" data-element_type=\"column\" data-e-type=\"column\">\n\t\t\t<div class=\"elementor-widget-wrap elementor-element-populated\">\n\t\t\t\t\t\t<div class=\"elementor-element elementor-element-55ee3d9 elementor-invisible elementor-widget elementor-widget-heading\" data-id=\"55ee3d9\" data-element_type=\"widget\" data-e-type=\"widget\" data-settings=\"{&quot;_animation&quot;:&quot;fadeIn&quot;,&quot;_animation_delay&quot;:200}\" data-widget_type=\"heading.default\">\n\t\t\t\t<div class=\"elementor-widget-container\">\n\t\t\t\t\t<h1 class=\"elementor-heading-title elementor-size-default\">GEOMAGIC CONTROL X\n<\/h1>\t\t\t\t<\/div>\n\t\t\t\t<\/div>\n\t\t\t\t<div class=\"elementor-element elementor-element-5479265 elementor-invisible elementor-widget elementor-widget-heading\" data-id=\"5479265\" data-element_type=\"widget\" data-e-type=\"widget\" data-settings=\"{&quot;_animation&quot;:&quot;fadeIn&quot;,&quot;_animation_delay&quot;:600}\" data-widget_type=\"heading.default\">\n\t\t\t\t<div class=\"elementor-widget-container\">\n\t\t\t\t\t<p class=\"elementor-heading-title elementor-size-default\">Provee herramientas varias para inspeccionar una pieza escaneada. Esta debe ser alineada con un CAD u otro escaneo de referencia para realizar comparaciones desde varias perspectivas y generar reportes de forma automatizada.<\/p>\t\t\t\t<\/div>\n\t\t\t\t<\/div>\n\t\t\t\t<div class=\"elementor-element elementor-element-391afa7 elementor-invisible elementor-widget elementor-widget-heading\" data-id=\"391afa7\" data-element_type=\"widget\" data-e-type=\"widget\" data-settings=\"{&quot;_animation&quot;:&quot;fadeIn&quot;,&quot;_animation_delay&quot;:600}\" data-widget_type=\"heading.default\">\n\t\t\t\t<div class=\"elementor-widget-container\">\n\t\t\t\t\t<p class=\"elementor-heading-title elementor-size-default\">Las herramientas de dimensionamiento permiten medir si la pieza cumple con las dimensiones de la referencia, al igual que medir planitud, circularidad, paralelismo, entre otros.\n\n\n\n<\/p>\t\t\t\t<\/div>\n\t\t\t\t<\/div>\n\t\t\t\t<div class=\"elementor-element elementor-element-a1a92bd elementor-hidden-desktop elementor-hidden-tablet elementor-widget elementor-widget-image\" data-id=\"a1a92bd\" data-element_type=\"widget\" data-e-type=\"widget\" data-widget_type=\"image.default\">\n\t\t\t\t<div class=\"elementor-widget-container\">\n\t\t\t\t\t\t\t\t\t\t\t\t\t\t\t<img decoding=\"async\" width=\"800\" height=\"534\" src=\"https:\/\/rever-digital.com\/inicio\/wp-content\/uploads\/2023\/01\/controlpc-1024x683.png\" class=\"attachment-large size-large wp-image-1380\" alt=\"\" srcset=\"https:\/\/rever-digital.com\/inicio\/wp-content\/uploads\/2023\/01\/controlpc-1024x683.png 1024w, https:\/\/rever-digital.com\/inicio\/wp-content\/uploads\/2023\/01\/controlpc-300x200.png 300w, https:\/\/rever-digital.com\/inicio\/wp-content\/uploads\/2023\/01\/controlpc-768x512.png 768w, https:\/\/rever-digital.com\/inicio\/wp-content\/uploads\/2023\/01\/controlpc-1536x1024.png 1536w, https:\/\/rever-digital.com\/inicio\/wp-content\/uploads\/2023\/01\/controlpc-2048x1365.png 2048w\" sizes=\"(max-width: 800px) 100vw, 800px\" \/>\t\t\t\t\t\t\t\t\t\t\t\t\t\t\t<\/div>\n\t\t\t\t<\/div>\n\t\t\t\t\t<\/div>\n\t\t<\/div>\n\t\t\t\t\t<\/div>\n\t\t<\/section>\n\t\t\t\t<section class=\"elementor-section elementor-top-section elementor-element elementor-element-66d3d18 elementor-section-boxed elementor-section-height-default elementor-section-height-default\" data-id=\"66d3d18\" data-element_type=\"section\" data-e-type=\"section\">\n\t\t\t\t\t\t<div class=\"elementor-container elementor-column-gap-default\">\n\t\t\t\t\t<div class=\"elementor-column elementor-col-100 elementor-top-column elementor-element elementor-element-fa831d2\" data-id=\"fa831d2\" data-element_type=\"column\" data-e-type=\"column\">\n\t\t\t<div class=\"elementor-widget-wrap elementor-element-populated\">\n\t\t\t\t\t\t<div class=\"elementor-element elementor-element-9dce900 elementor-invisible elementor-widget elementor-widget-heading\" data-id=\"9dce900\" data-element_type=\"widget\" data-e-type=\"widget\" data-settings=\"{&quot;_animation&quot;:&quot;fadeIn&quot;,&quot;_animation_delay&quot;:200}\" data-widget_type=\"heading.default\">\n\t\t\t\t<div class=\"elementor-widget-container\">\n\t\t\t\t\t<h1 class=\"elementor-heading-title elementor-size-default\">PIDA AHORA GEOMAGIC DESIGN O CONTROL<\/h1>\t\t\t\t<\/div>\n\t\t\t\t<\/div>\n\t\t\t\t<div class=\"elementor-element elementor-element-6a13741 elementor-widget elementor-widget-html\" data-id=\"6a13741\" data-element_type=\"widget\" data-e-type=\"widget\" data-widget_type=\"html.default\">\n\t\t\t\t<div class=\"elementor-widget-container\">\n\t\t\t\t\t\n\t\t\t\t\t\t<script>\n\t\t\t\t\t\t\twindow.hsFormsOnReady = window.hsFormsOnReady || [];\n\t\t\t\t\t\t\twindow.hsFormsOnReady.push(()=>{\n\t\t\t\t\t\t\t\thbspt.forms.create({\n\t\t\t\t\t\t\t\t\tportalId: 25165338,\n\t\t\t\t\t\t\t\t\tformId: \"298d9bdf-d996-4641-9eaa-977fda284976\",\n\t\t\t\t\t\t\t\t\ttarget: \"#hbspt-form-1776687115000-6681341728\",\n\t\t\t\t\t\t\t\t\tregion: \"\",\n\t\t\t\t\t\t\t\t\t\n\t\t\t\t\t\t\t})});\n\t\t\t\t\t\t<\/script>\n\t\t\t\t\t\t<div class=\"hbspt-form\" id=\"hbspt-form-1776687115000-6681341728\"><\/div>\t\t\t\t<\/div>\n\t\t\t\t<\/div>\n\t\t\t\t\t<\/div>\n\t\t<\/div>\n\t\t\t\t\t<\/div>\n\t\t<\/section>\n\t\t\t\t<\/div>\n\t\t","protected":false},"excerpt":{"rendered":"<p>3D Systems Herramientas para an\u00e1lisis de piezas mec\u00e1nicas GEOMAGIC DESIGN X Las herramientas de Geomagic Design X permiten generar una recreaci\u00f3n fidedigna de la realidad a partir de los datos escaneados y manteniendo la intenci\u00f3n de dise\u00f1o. La superficie de la malla es separada en regiones de forma autom\u00e1tica y se identifican las geometr\u00edas de [&hellip;]<\/p>\n","protected":false},"author":1,"featured_media":0,"parent":0,"menu_order":0,"comment_status":"closed","ping_status":"closed","template":"","meta":{"content-type":"","footnotes":""},"class_list":["post-1377","page","type-page","status-publish","hentry"],"_links":{"self":[{"href":"https:\/\/rever-digital.com\/inicio\/wp-json\/wp\/v2\/pages\/1377","targetHints":{"allow":["GET"]}}],"collection":[{"href":"https:\/\/rever-digital.com\/inicio\/wp-json\/wp\/v2\/pages"}],"about":[{"href":"https:\/\/rever-digital.com\/inicio\/wp-json\/wp\/v2\/types\/page"}],"author":[{"embeddable":true,"href":"https:\/\/rever-digital.com\/inicio\/wp-json\/wp\/v2\/users\/1"}],"replies":[{"embeddable":true,"href":"https:\/\/rever-digital.com\/inicio\/wp-json\/wp\/v2\/comments?post=1377"}],"version-history":[{"count":25,"href":"https:\/\/rever-digital.com\/inicio\/wp-json\/wp\/v2\/pages\/1377\/revisions"}],"predecessor-version":[{"id":4841,"href":"https:\/\/rever-digital.com\/inicio\/wp-json\/wp\/v2\/pages\/1377\/revisions\/4841"}],"wp:attachment":[{"href":"https:\/\/rever-digital.com\/inicio\/wp-json\/wp\/v2\/media?parent=1377"}],"curies":[{"name":"wp","href":"https:\/\/api.w.org\/{rel}","templated":true}]}}