{"id":332,"date":"2023-01-06T14:22:34","date_gmt":"2023-01-06T14:22:34","guid":{"rendered":"https:\/\/rever-digital.com\/inicio\/?page_id=332"},"modified":"2024-07-18T13:10:11","modified_gmt":"2024-07-18T13:10:11","slug":"nubes-de-puntos","status":"publish","type":"page","link":"https:\/\/rever-digital.com\/inicio\/nubes-de-puntos\/","title":{"rendered":"Nubes de puntos"},"content":{"rendered":"\t\t<div data-elementor-type=\"wp-page\" data-elementor-id=\"332\" class=\"elementor elementor-332\" data-elementor-post-type=\"page\">\n\t\t\t\t\t\t<section class=\"elementor-section elementor-top-section elementor-element elementor-element-bee065e elementor-section-height-min-height elementor-section-boxed elementor-section-height-default elementor-section-items-middle\" data-id=\"bee065e\" data-element_type=\"section\" data-e-type=\"section\" data-settings=\"{&quot;background_background&quot;:&quot;classic&quot;}\">\n\t\t\t\t\t\t<div class=\"elementor-container elementor-column-gap-default\">\n\t\t\t\t\t<div class=\"elementor-column elementor-col-50 elementor-top-column elementor-element elementor-element-31de98d\" data-id=\"31de98d\" data-element_type=\"column\" data-e-type=\"column\">\n\t\t\t<div class=\"elementor-widget-wrap elementor-element-populated\">\n\t\t\t\t\t\t<div class=\"elementor-element elementor-element-d192097 elementor-widget elementor-widget-heading\" data-id=\"d192097\" data-element_type=\"widget\" data-e-type=\"widget\" data-widget_type=\"heading.default\">\n\t\t\t\t<div class=\"elementor-widget-container\">\n\t\t\t\t\t<h2 class=\"elementor-heading-title elementor-size-default\">NUBES DE PUNTOS<\/h2>\t\t\t\t<\/div>\n\t\t\t\t<\/div>\n\t\t\t\t\t<\/div>\n\t\t<\/div>\n\t\t\t\t<div class=\"elementor-column elementor-col-50 elementor-top-column elementor-element elementor-element-8d45621\" data-id=\"8d45621\" data-element_type=\"column\" data-e-type=\"column\">\n\t\t\t<div class=\"elementor-widget-wrap\">\n\t\t\t\t\t\t\t<\/div>\n\t\t<\/div>\n\t\t\t\t\t<\/div>\n\t\t<\/section>\n\t\t\t\t<section class=\"elementor-section elementor-top-section elementor-element elementor-element-8f1b9e0 elementor-section-content-middle elementor-section-boxed elementor-section-height-default elementor-section-height-default\" data-id=\"8f1b9e0\" data-element_type=\"section\" data-e-type=\"section\">\n\t\t\t\t\t\t<div class=\"elementor-container elementor-column-gap-default\">\n\t\t\t\t\t<div class=\"elementor-column elementor-col-50 elementor-top-column elementor-element elementor-element-c861be3\" data-id=\"c861be3\" data-element_type=\"column\" data-e-type=\"column\">\n\t\t\t<div class=\"elementor-widget-wrap elementor-element-populated\">\n\t\t\t\t\t\t<div class=\"elementor-element elementor-element-a429c3c elementor-widget elementor-widget-heading\" data-id=\"a429c3c\" data-element_type=\"widget\" data-e-type=\"widget\" data-widget_type=\"heading.default\">\n\t\t\t\t<div class=\"elementor-widget-container\">\n\t\t\t\t\t<h1 class=\"elementor-heading-title elementor-size-default\">PROCESOS CON NUBES DE PUNTOS<\/h1>\t\t\t\t<\/div>\n\t\t\t\t<\/div>\n\t\t\t\t<div class=\"elementor-element elementor-element-c821fd4 elementor-widget elementor-widget-heading\" data-id=\"c821fd4\" data-element_type=\"widget\" data-e-type=\"widget\" data-widget_type=\"heading.default\">\n\t\t\t\t<div class=\"elementor-widget-container\">\n\t\t\t\t\t<p class=\"elementor-heading-title elementor-size-default\">Existen diversas formas de capturar la realidad y llevarla al mundo digital. Hist\u00f3ricamente se ha hecho mediante la topograf\u00eda convencional, con el uso de teodolitos, niveles de ingeniero, estaciones totales y equipos geod\u00e9sicos GNSS. Todos estos equipos lograban capturar solo una parte del mundo, ya que su capacidad de medici\u00f3n es reducida, en el mejor de los casos, a un punto por segundo. En contraposici\u00f3n, actualmente existen tecnolog\u00edas que logran capturar millones de puntos por segundo, cambiando completamente el escenario de la topograf\u00eda convencional. Dichas tecnolog\u00edas pueden ser resumidas en dos grandes t\u00e9cnicas, la fotogrametr\u00eda y el escaneo l\u00e1ser.<\/p>\t\t\t\t<\/div>\n\t\t\t\t<\/div>\n\t\t\t\t<div class=\"elementor-element elementor-element-6438198 elementor-widget elementor-widget-heading\" data-id=\"6438198\" data-element_type=\"widget\" data-e-type=\"widget\" data-widget_type=\"heading.default\">\n\t\t\t\t<div class=\"elementor-widget-container\">\n\t\t\t\t\t<p class=\"elementor-heading-title elementor-size-default\">En REVER conocemos estas nuevas tecnolog\u00edas en profundidad y con ellas hemos llevado a cabo proyectos de diversa envergadura, siempre con resultados \u00f3ptimos en t\u00e9rminos de seguridad, productividad y precisi\u00f3n.<\/p>\t\t\t\t<\/div>\n\t\t\t\t<\/div>\n\t\t\t\t\t<\/div>\n\t\t<\/div>\n\t\t\t\t<div class=\"elementor-column elementor-col-50 elementor-top-column elementor-element elementor-element-8e832fc\" data-id=\"8e832fc\" data-element_type=\"column\" data-e-type=\"column\">\n\t\t\t<div class=\"elementor-widget-wrap elementor-element-populated\">\n\t\t\t\t\t\t<div class=\"elementor-element elementor-element-45bafa0 elementor-widget elementor-widget-image\" data-id=\"45bafa0\" data-element_type=\"widget\" data-e-type=\"widget\" data-widget_type=\"image.default\">\n\t\t\t\t<div class=\"elementor-widget-container\">\n\t\t\t\t\t\t\t\t\t\t\t\t\t\t\t<img fetchpriority=\"high\" decoding=\"async\" width=\"768\" height=\"768\" src=\"https:\/\/rever-digital.com\/inicio\/wp-content\/uploads\/2023\/01\/pruebartc-768x768.png\" class=\"attachment-medium_large size-medium_large wp-image-1519\" alt=\"\" srcset=\"https:\/\/rever-digital.com\/inicio\/wp-content\/uploads\/2023\/01\/pruebartc-768x768.png 768w, https:\/\/rever-digital.com\/inicio\/wp-content\/uploads\/2023\/01\/pruebartc-300x300.png 300w, https:\/\/rever-digital.com\/inicio\/wp-content\/uploads\/2023\/01\/pruebartc-150x150.png 150w, https:\/\/rever-digital.com\/inicio\/wp-content\/uploads\/2023\/01\/pruebartc.png 1000w\" sizes=\"(max-width: 768px) 100vw, 768px\" \/>\t\t\t\t\t\t\t\t\t\t\t\t\t\t\t<\/div>\n\t\t\t\t<\/div>\n\t\t\t\t\t<\/div>\n\t\t<\/div>\n\t\t\t\t\t<\/div>\n\t\t<\/section>\n\t\t\t\t<section class=\"elementor-section elementor-top-section elementor-element elementor-element-952e9e0 elementor-section-content-middle elementor-section-full_width elementor-section-height-default elementor-section-height-default\" data-id=\"952e9e0\" data-element_type=\"section\" data-e-type=\"section\" id=\"Fotogrametria\" data-settings=\"{&quot;background_background&quot;:&quot;classic&quot;}\">\n\t\t\t\t\t\t<div class=\"elementor-container elementor-column-gap-default\">\n\t\t\t\t\t<div class=\"elementor-column elementor-col-50 elementor-top-column elementor-element elementor-element-1730cee\" data-id=\"1730cee\" data-element_type=\"column\" data-e-type=\"column\">\n\t\t\t<div class=\"elementor-widget-wrap elementor-element-populated\">\n\t\t\t\t\t\t<div class=\"elementor-element elementor-element-fcf20c0 elementor-invisible elementor-widget elementor-widget-image\" data-id=\"fcf20c0\" data-element_type=\"widget\" data-e-type=\"widget\" data-settings=\"{&quot;_animation&quot;:&quot;slideInLeft&quot;}\" data-widget_type=\"image.default\">\n\t\t\t\t<div class=\"elementor-widget-container\">\n\t\t\t\t\t\t\t\t\t\t\t\t\t\t\t<img decoding=\"async\" width=\"768\" height=\"549\" src=\"https:\/\/rever-digital.com\/inicio\/wp-content\/uploads\/2023\/01\/foto-aerea-768x549.jpg\" class=\"attachment-medium_large size-medium_large wp-image-1520\" alt=\"\" srcset=\"https:\/\/rever-digital.com\/inicio\/wp-content\/uploads\/2023\/01\/foto-aerea-768x549.jpg 768w, https:\/\/rever-digital.com\/inicio\/wp-content\/uploads\/2023\/01\/foto-aerea-300x215.jpg 300w, https:\/\/rever-digital.com\/inicio\/wp-content\/uploads\/2023\/01\/foto-aerea.jpg 1000w\" sizes=\"(max-width: 768px) 100vw, 768px\" \/>\t\t\t\t\t\t\t\t\t\t\t\t\t\t\t<\/div>\n\t\t\t\t<\/div>\n\t\t\t\t\t<\/div>\n\t\t<\/div>\n\t\t\t\t<div class=\"elementor-column elementor-col-50 elementor-top-column elementor-element elementor-element-f12a89b\" data-id=\"f12a89b\" data-element_type=\"column\" data-e-type=\"column\">\n\t\t\t<div class=\"elementor-widget-wrap elementor-element-populated\">\n\t\t\t\t\t\t<div class=\"elementor-element elementor-element-fdaf5cf elementor-widget elementor-widget-heading\" data-id=\"fdaf5cf\" data-element_type=\"widget\" data-e-type=\"widget\" data-widget_type=\"heading.default\">\n\t\t\t\t<div class=\"elementor-widget-container\">\n\t\t\t\t\t<h1 class=\"elementor-heading-title elementor-size-default\">FOTOGRAMETR\u00cdA\n<\/h1>\t\t\t\t<\/div>\n\t\t\t\t<\/div>\n\t\t\t\t<div class=\"elementor-element elementor-element-e337b1d elementor-widget elementor-widget-text-editor\" data-id=\"e337b1d\" data-element_type=\"widget\" data-e-type=\"widget\" data-widget_type=\"text-editor.default\">\n\t\t\t\t<div class=\"elementor-widget-container\">\n\t\t\t\t\t\t\t\t\t<p>Es una t\u00e9cnica que permite el estudio de las formas, dimensiones y posiciones en el espacio por medio del uso de fotograf\u00edas. Dada la aparici\u00f3n de drones y su creciente accesibilidad tanto en t\u00e9rminos t\u00e9cnicos como econ\u00f3micos, esta t\u00e9cnica ha ganado muchos adeptos en el \u00faltimo tiempo.<\/p><p>En topograf\u00eda, y dependiendo de los requerimientos de precisi\u00f3n de un proyecto, muchos trabajos que antes se sol\u00edan hacer con instrumentos como estaci\u00f3n total o GNSS, hoy en d\u00eda se hacen con fotogrametr\u00eda por medio de drones, ya que se logran capturar mayores extensiones de terreno en menor tiempo.<\/p><p>En REVER, utilizamos distintos tipos de drones para realizar fotogrametr\u00eda, entre los cuales est\u00e1n: DJI Mavic 3, DJI Matrice 300 RTK y Flyability Elios 2 y Flyability Elios 3.<\/p>\t\t\t\t\t\t\t\t<\/div>\n\t\t\t\t<\/div>\n\t\t\t\t\t<\/div>\n\t\t<\/div>\n\t\t\t\t\t<\/div>\n\t\t<\/section>\n\t\t\t\t<section class=\"elementor-section elementor-top-section elementor-element elementor-element-4efb470 elementor-section-content-middle elementor-section-boxed elementor-section-height-default elementor-section-height-default\" data-id=\"4efb470\" data-element_type=\"section\" data-e-type=\"section\" id=\"EscanerLaser\">\n\t\t\t\t\t\t<div class=\"elementor-container elementor-column-gap-default\">\n\t\t\t\t\t<div class=\"elementor-column elementor-col-50 elementor-top-column elementor-element elementor-element-6769ac4\" data-id=\"6769ac4\" data-element_type=\"column\" data-e-type=\"column\">\n\t\t\t<div class=\"elementor-widget-wrap elementor-element-populated\">\n\t\t\t\t\t\t<div class=\"elementor-element elementor-element-ebe77f8 elementor-widget elementor-widget-heading\" data-id=\"ebe77f8\" data-element_type=\"widget\" data-e-type=\"widget\" data-widget_type=\"heading.default\">\n\t\t\t\t<div class=\"elementor-widget-container\">\n\t\t\t\t\t<h1 class=\"elementor-heading-title elementor-size-default\">ESC\u00c1NER L\u00c1SER - LiDAR\n<\/h1>\t\t\t\t<\/div>\n\t\t\t\t<\/div>\n\t\t\t\t<div class=\"elementor-element elementor-element-fbb0a6e elementor-widget elementor-widget-heading\" data-id=\"fbb0a6e\" data-element_type=\"widget\" data-e-type=\"widget\" data-widget_type=\"heading.default\">\n\t\t\t\t<div class=\"elementor-widget-container\">\n\t\t\t\t\t<p class=\"elementor-heading-title elementor-size-default\">La tecnolog\u00eda de esc\u00e1ner l\u00e1ser o LiDAR (Light Detection and Ranging), es un dispositivo que permite medir distancias a trav\u00e9s de un pulso de luz. Dado que la velocidad de la luz es conocida, el dispositivo calcula el tiempo que transcurre entre la emisi\u00f3n y la recepci\u00f3n del pulso, logrando calcular de esta forma la distancia al objeto. Este proceso, se repite hasta dos millones de veces por segundo, por lo que el equipo esc\u00e1ner l\u00e1ser logra capturar millones de puntos en cada posici\u00f3n, resultado que finalmente es llamado una nube de puntos.<\/p>\t\t\t\t<\/div>\n\t\t\t\t<\/div>\n\t\t\t\t<div class=\"elementor-element elementor-element-9791690 elementor-widget elementor-widget-heading\" data-id=\"9791690\" data-element_type=\"widget\" data-e-type=\"widget\" data-widget_type=\"heading.default\">\n\t\t\t\t<div class=\"elementor-widget-container\">\n\t\t\t\t\t<p class=\"elementor-heading-title elementor-size-default\">Con el paso del tiempo sus aplicaciones han sido cada vez m\u00e1s transversales, pasando por industrias como la minera hasta la arquitectura. Si bien es una tecnolog\u00eda capaz de capturar la realidad de una forma muy representativa, logrando un detalle exquisito en cuanto a las formas de los objetos, sus procesos a\u00fan son algo lentos y requieren tanto tiempo como experiencia para lograr resultados adecuados en t\u00e9rminos de precisi\u00f3n y representatividad. Uno de los puntos claves en el trabajo con nubes de puntos es el REGISTRO DE NUBES DE PUNTOS, proceso que termina por determinar la calidad final de la informaci\u00f3n capturada.<\/p>\t\t\t\t<\/div>\n\t\t\t\t<\/div>\n\t\t\t\t\t<\/div>\n\t\t<\/div>\n\t\t\t\t<div class=\"elementor-column elementor-col-50 elementor-top-column elementor-element elementor-element-19072ae\" data-id=\"19072ae\" data-element_type=\"column\" data-e-type=\"column\">\n\t\t\t<div class=\"elementor-widget-wrap elementor-element-populated\">\n\t\t\t\t\t\t<div class=\"elementor-element elementor-element-c347209 elementor-invisible elementor-widget elementor-widget-image\" data-id=\"c347209\" data-element_type=\"widget\" data-e-type=\"widget\" data-settings=\"{&quot;_animation&quot;:&quot;slideInRight&quot;}\" data-widget_type=\"image.default\">\n\t\t\t\t<div class=\"elementor-widget-container\">\n\t\t\t\t\t\t\t\t\t\t\t\t\t\t\t<img decoding=\"async\" width=\"768\" height=\"677\" src=\"https:\/\/rever-digital.com\/inicio\/wp-content\/uploads\/2023\/01\/elios3-768x677.webp\" class=\"attachment-medium_large size-medium_large wp-image-1521\" alt=\"\" srcset=\"https:\/\/rever-digital.com\/inicio\/wp-content\/uploads\/2023\/01\/elios3-768x677.webp 768w, https:\/\/rever-digital.com\/inicio\/wp-content\/uploads\/2023\/01\/elios3-300x264.webp 300w, https:\/\/rever-digital.com\/inicio\/wp-content\/uploads\/2023\/01\/elios3.webp 850w\" sizes=\"(max-width: 768px) 100vw, 768px\" \/>\t\t\t\t\t\t\t\t\t\t\t\t\t\t\t<\/div>\n\t\t\t\t<\/div>\n\t\t\t\t\t<\/div>\n\t\t<\/div>\n\t\t\t\t\t<\/div>\n\t\t<\/section>\n\t\t\t\t<section class=\"elementor-section elementor-top-section elementor-element elementor-element-04d542e elementor-section-height-min-height elementor-section-boxed elementor-section-height-default elementor-section-items-middle\" data-id=\"04d542e\" data-element_type=\"section\" data-e-type=\"section\" data-settings=\"{&quot;background_background&quot;:&quot;classic&quot;}\">\n\t\t\t\t\t\t<div class=\"elementor-container elementor-column-gap-default\">\n\t\t\t\t\t<div class=\"elementor-column elementor-col-100 elementor-top-column elementor-element elementor-element-2d252d6\" data-id=\"2d252d6\" data-element_type=\"column\" data-e-type=\"column\">\n\t\t\t<div class=\"elementor-widget-wrap elementor-element-populated\">\n\t\t\t\t\t\t<div class=\"elementor-element elementor-element-4d95d6c elementor-widget elementor-widget-heading\" data-id=\"4d95d6c\" data-element_type=\"widget\" data-e-type=\"widget\" data-widget_type=\"heading.default\">\n\t\t\t\t<div class=\"elementor-widget-container\">\n\t\t\t\t\t<h5 class=\"elementor-heading-title elementor-size-default\">En REVER tenemos a\u00f1os de experiencia en el uso de esta tecnolog\u00eda y conocemos los dolores de las industrias en cuanto a su uso. Es por ello, que siempre nos preocupamos de acompa\u00f1ar al cliente en el uso de la informaci\u00f3n capturada para asegurarnos de que los datos puedan ser utilizados y as\u00ed sacar el mejor provecho de esta tecnolog\u00eda. <br>\nSabemos adem\u00e1s, que una nube de puntos por si sola no es de gran utilidad, se necesitan complementos que puedan transformar estos millones -y en algunos casos billones- de datos en informaci\u00f3n \u00fatil para el cliente. Es por esto que agregamos al servicio de captura de la realidad con esc\u00e1ner l\u00e1ser, el servicio de digitalizaci\u00f3n mediante el desarrollo de modelos 3D.<\/h5>\t\t\t\t<\/div>\n\t\t\t\t<\/div>\n\t\t\t\t\t<\/div>\n\t\t<\/div>\n\t\t\t\t\t<\/div>\n\t\t<\/section>\n\t\t\t\t<section class=\"elementor-section elementor-top-section elementor-element elementor-element-e470cc0 elementor-section-content-middle elementor-section-boxed elementor-section-height-default elementor-section-height-default\" data-id=\"e470cc0\" data-element_type=\"section\" data-e-type=\"section\" id=\"Modelos3D\">\n\t\t\t\t\t\t<div class=\"elementor-container elementor-column-gap-default\">\n\t\t\t\t\t<div class=\"elementor-column elementor-col-50 elementor-top-column elementor-element elementor-element-6e48b0d elementor-hidden-mobile\" data-id=\"6e48b0d\" data-element_type=\"column\" data-e-type=\"column\">\n\t\t\t<div class=\"elementor-widget-wrap elementor-element-populated\">\n\t\t\t\t\t\t<div class=\"elementor-element elementor-element-fcd827f elementor-widget elementor-widget-image\" data-id=\"fcd827f\" data-element_type=\"widget\" data-e-type=\"widget\" data-widget_type=\"image.default\">\n\t\t\t\t<div class=\"elementor-widget-container\">\n\t\t\t\t\t\t\t\t\t\t\t\t\t\t\t<img loading=\"lazy\" decoding=\"async\" width=\"768\" height=\"512\" src=\"https:\/\/rever-digital.com\/inicio\/wp-content\/uploads\/2023\/01\/3dpc-768x512.png\" class=\"attachment-medium_large size-medium_large wp-image-1522\" alt=\"\" srcset=\"https:\/\/rever-digital.com\/inicio\/wp-content\/uploads\/2023\/01\/3dpc-768x512.png 768w, https:\/\/rever-digital.com\/inicio\/wp-content\/uploads\/2023\/01\/3dpc-300x200.png 300w, https:\/\/rever-digital.com\/inicio\/wp-content\/uploads\/2023\/01\/3dpc-1024x683.png 1024w, https:\/\/rever-digital.com\/inicio\/wp-content\/uploads\/2023\/01\/3dpc-1536x1024.png 1536w, https:\/\/rever-digital.com\/inicio\/wp-content\/uploads\/2023\/01\/3dpc-2048x1365.png 2048w\" sizes=\"(max-width: 768px) 100vw, 768px\" \/>\t\t\t\t\t\t\t\t\t\t\t\t\t\t\t<\/div>\n\t\t\t\t<\/div>\n\t\t\t\t\t<\/div>\n\t\t<\/div>\n\t\t\t\t<div class=\"elementor-column elementor-col-50 elementor-top-column elementor-element elementor-element-c2525f2\" data-id=\"c2525f2\" data-element_type=\"column\" data-e-type=\"column\">\n\t\t\t<div class=\"elementor-widget-wrap elementor-element-populated\">\n\t\t\t\t\t\t<div class=\"elementor-element elementor-element-488ce98 elementor-widget elementor-widget-heading\" data-id=\"488ce98\" data-element_type=\"widget\" data-e-type=\"widget\" data-widget_type=\"heading.default\">\n\t\t\t\t<div class=\"elementor-widget-container\">\n\t\t\t\t\t<h1 class=\"elementor-heading-title elementor-size-default\">MODELOS 3D<\/h1>\t\t\t\t<\/div>\n\t\t\t\t<\/div>\n\t\t\t\t<div class=\"elementor-element elementor-element-9752e96 elementor-widget elementor-widget-heading\" data-id=\"9752e96\" data-element_type=\"widget\" data-e-type=\"widget\" data-widget_type=\"heading.default\">\n\t\t\t\t<div class=\"elementor-widget-container\">\n\t\t\t\t\t<p class=\"elementor-heading-title elementor-size-default\">Los modelos 3D son representaciones matem\u00e1ticas de objetos, los cuales son desarrollados en software especializados para estos fines, como BricsCAD, Revit, SolidWorks, Geomagic, entre otros.<\/p>\t\t\t\t<\/div>\n\t\t\t\t<\/div>\n\t\t\t\t<div class=\"elementor-element elementor-element-91d66f0 elementor-widget elementor-widget-heading\" data-id=\"91d66f0\" data-element_type=\"widget\" data-e-type=\"widget\" data-widget_type=\"heading.default\">\n\t\t\t\t<div class=\"elementor-widget-container\">\n\t\t\t\t\t<p class=\"elementor-heading-title elementor-size-default\">En la actualidad el uso de nube de puntos ayuda a mantener la realidad en la creaci\u00f3n de estos modelos 3D, ya que la nube de puntos (realidad con precisi\u00f3n milim\u00e9trica) se usa para digitalizar o \u201ccalcar\u201d los modelos 3D. De esta forma, los modelos 3D terminan siendo una fiel representaci\u00f3n de la realidad:<\/p>\t\t\t\t<\/div>\n\t\t\t\t<\/div>\n\t\t\t\t\t<\/div>\n\t\t<\/div>\n\t\t\t\t\t<\/div>\n\t\t<\/section>\n\t\t\t\t<section class=\"elementor-section elementor-top-section elementor-element elementor-element-4a1dea4 elementor-section-boxed elementor-section-height-default elementor-section-height-default\" data-id=\"4a1dea4\" data-element_type=\"section\" data-e-type=\"section\">\n\t\t\t\t\t\t<div class=\"elementor-container elementor-column-gap-default\">\n\t\t\t\t\t<div class=\"elementor-column elementor-col-100 elementor-top-column elementor-element elementor-element-5ae8cff\" data-id=\"5ae8cff\" data-element_type=\"column\" data-e-type=\"column\">\n\t\t\t<div class=\"elementor-widget-wrap elementor-element-populated\">\n\t\t\t\t\t\t<div class=\"elementor-element elementor-element-60ecd8e elementor-invisible elementor-widget elementor-widget-heading\" data-id=\"60ecd8e\" data-element_type=\"widget\" data-e-type=\"widget\" data-settings=\"{&quot;_animation&quot;:&quot;fadeIn&quot;,&quot;_animation_delay&quot;:200}\" data-widget_type=\"heading.default\">\n\t\t\t\t<div class=\"elementor-widget-container\">\n\t\t\t\t\t<h1 class=\"elementor-heading-title elementor-size-default\">CONVERSEMOS SOBRE SOLUCIONES DE NUBES DE PUNTOS<\/h1>\t\t\t\t<\/div>\n\t\t\t\t<\/div>\n\t\t\t\t<div class=\"elementor-element elementor-element-cf56ade elementor-widget elementor-widget-html\" data-id=\"cf56ade\" data-element_type=\"widget\" data-e-type=\"widget\" data-widget_type=\"html.default\">\n\t\t\t\t<div class=\"elementor-widget-container\">\n\t\t\t\t\t\n\t\t\t\t\t\t<script>\n\t\t\t\t\t\t\twindow.hsFormsOnReady = window.hsFormsOnReady || [];\n\t\t\t\t\t\t\twindow.hsFormsOnReady.push(()=>{\n\t\t\t\t\t\t\t\thbspt.forms.create({\n\t\t\t\t\t\t\t\t\tportalId: 25165338,\n\t\t\t\t\t\t\t\t\tformId: \"c6b1375a-e477-4216-8082-22c97a58be7b\",\n\t\t\t\t\t\t\t\t\ttarget: \"#hbspt-form-1775311155000-3645474824\",\n\t\t\t\t\t\t\t\t\tregion: \"\",\n\t\t\t\t\t\t\t\t\t\n\t\t\t\t\t\t\t})});\n\t\t\t\t\t\t<\/script>\n\t\t\t\t\t\t<div class=\"hbspt-form\" id=\"hbspt-form-1775311155000-3645474824\"><\/div>\t\t\t\t<\/div>\n\t\t\t\t<\/div>\n\t\t\t\t\t<\/div>\n\t\t<\/div>\n\t\t\t\t\t<\/div>\n\t\t<\/section>\n\t\t\t\t<\/div>\n\t\t","protected":false},"excerpt":{"rendered":"<p>NUBES DE PUNTOS PROCESOS CON NUBES DE PUNTOS Existen diversas formas de capturar la realidad y llevarla al mundo digital. Hist\u00f3ricamente se ha hecho mediante la topograf\u00eda convencional, con el uso de teodolitos, niveles de ingeniero, estaciones totales y equipos geod\u00e9sicos GNSS. Todos estos equipos lograban capturar solo una parte del mundo, ya que su [&hellip;]<\/p>\n","protected":false},"author":1,"featured_media":0,"parent":0,"menu_order":0,"comment_status":"closed","ping_status":"closed","template":"","meta":{"content-type":"","footnotes":""},"class_list":["post-332","page","type-page","status-publish","hentry"],"_links":{"self":[{"href":"https:\/\/rever-digital.com\/inicio\/wp-json\/wp\/v2\/pages\/332","targetHints":{"allow":["GET"]}}],"collection":[{"href":"https:\/\/rever-digital.com\/inicio\/wp-json\/wp\/v2\/pages"}],"about":[{"href":"https:\/\/rever-digital.com\/inicio\/wp-json\/wp\/v2\/types\/page"}],"author":[{"embeddable":true,"href":"https:\/\/rever-digital.com\/inicio\/wp-json\/wp\/v2\/users\/1"}],"replies":[{"embeddable":true,"href":"https:\/\/rever-digital.com\/inicio\/wp-json\/wp\/v2\/comments?post=332"}],"version-history":[{"count":64,"href":"https:\/\/rever-digital.com\/inicio\/wp-json\/wp\/v2\/pages\/332\/revisions"}],"predecessor-version":[{"id":4386,"href":"https:\/\/rever-digital.com\/inicio\/wp-json\/wp\/v2\/pages\/332\/revisions\/4386"}],"wp:attachment":[{"href":"https:\/\/rever-digital.com\/inicio\/wp-json\/wp\/v2\/media?parent=332"}],"curies":[{"name":"wp","href":"https:\/\/api.w.org\/{rel}","templated":true}]}}