{"id":334,"date":"2023-01-06T14:22:52","date_gmt":"2023-01-06T14:22:52","guid":{"rendered":"https:\/\/rever-digital.com\/inicio\/?page_id=334"},"modified":"2024-06-17T20:53:44","modified_gmt":"2024-06-17T20:53:44","slug":"ingenieria-inversa","status":"publish","type":"page","link":"https:\/\/rever-digital.com\/inicio\/ingenieria-inversa\/","title":{"rendered":"Ingenier\u00eda Inversa"},"content":{"rendered":"\t\t<div data-elementor-type=\"wp-page\" data-elementor-id=\"334\" class=\"elementor elementor-334\" data-elementor-post-type=\"page\">\n\t\t\t\t\t\t<section class=\"elementor-section elementor-top-section elementor-element elementor-element-4d5dd7f elementor-section-height-min-height elementor-section-boxed elementor-section-height-default elementor-section-items-middle\" data-id=\"4d5dd7f\" data-element_type=\"section\" data-e-type=\"section\" data-settings=\"{&quot;background_background&quot;:&quot;classic&quot;}\">\n\t\t\t\t\t\t<div class=\"elementor-container elementor-column-gap-default\">\n\t\t\t\t\t<div class=\"elementor-column elementor-col-50 elementor-top-column elementor-element elementor-element-2470f3c\" data-id=\"2470f3c\" data-element_type=\"column\" data-e-type=\"column\">\n\t\t\t<div class=\"elementor-widget-wrap elementor-element-populated\">\n\t\t\t\t\t\t<div class=\"elementor-element elementor-element-6615bff elementor-widget elementor-widget-heading\" data-id=\"6615bff\" data-element_type=\"widget\" data-e-type=\"widget\" data-widget_type=\"heading.default\">\n\t\t\t\t<div class=\"elementor-widget-container\">\n\t\t\t\t\t<h2 class=\"elementor-heading-title elementor-size-default\">Ingenier\u00eda Inversa<\/h2>\t\t\t\t<\/div>\n\t\t\t\t<\/div>\n\t\t\t\t\t<\/div>\n\t\t<\/div>\n\t\t\t\t<div class=\"elementor-column elementor-col-50 elementor-top-column elementor-element elementor-element-9c3d2ae\" data-id=\"9c3d2ae\" data-element_type=\"column\" data-e-type=\"column\">\n\t\t\t<div class=\"elementor-widget-wrap\">\n\t\t\t\t\t\t\t<\/div>\n\t\t<\/div>\n\t\t\t\t\t<\/div>\n\t\t<\/section>\n\t\t\t\t<section class=\"elementor-section elementor-top-section elementor-element elementor-element-f762be6 elementor-section-content-middle elementor-section-boxed elementor-section-height-default elementor-section-height-default\" data-id=\"f762be6\" data-element_type=\"section\" data-e-type=\"section\" id=\"NubesDePuntos\">\n\t\t\t\t\t\t<div class=\"elementor-container elementor-column-gap-default\">\n\t\t\t\t\t<div class=\"elementor-column elementor-col-50 elementor-top-column elementor-element elementor-element-671e0cb\" data-id=\"671e0cb\" data-element_type=\"column\" data-e-type=\"column\">\n\t\t\t<div class=\"elementor-widget-wrap elementor-element-populated\">\n\t\t\t\t\t\t<div class=\"elementor-element elementor-element-6a6f29f elementor-invisible elementor-widget elementor-widget-heading\" data-id=\"6a6f29f\" data-element_type=\"widget\" data-e-type=\"widget\" data-settings=\"{&quot;_animation&quot;:&quot;fadeIn&quot;,&quot;_animation_delay&quot;:200}\" data-widget_type=\"heading.default\">\n\t\t\t\t<div class=\"elementor-widget-container\">\n\t\t\t\t\t<h1 class=\"elementor-heading-title elementor-size-default\">TOMA DE NUBES DE PUNTOS\n<\/h1>\t\t\t\t<\/div>\n\t\t\t\t<\/div>\n\t\t\t\t<div class=\"elementor-element elementor-element-d1a6f3b elementor-invisible elementor-widget elementor-widget-heading\" data-id=\"d1a6f3b\" data-element_type=\"widget\" data-e-type=\"widget\" data-settings=\"{&quot;_animation&quot;:&quot;fadeIn&quot;,&quot;_animation_delay&quot;:600}\" data-widget_type=\"heading.default\">\n\t\t\t\t<div class=\"elementor-widget-container\">\n\t\t\t\t\t<p class=\"elementor-heading-title elementor-size-default\">Tradicionalmente, la ingenier\u00eda inversa de una pieza solo se pod\u00eda realizar a trav\u00e9s de inspecci\u00f3n visual y dimensionamiento manual. Actualmente, las nuevas tecnolog\u00edas de toma de datos permiten tomas millones de puntos por segundo, acelerando el proceso significativamente.<\/p>\t\t\t\t<\/div>\n\t\t\t\t<\/div>\n\t\t\t\t\t<\/div>\n\t\t<\/div>\n\t\t\t\t<div class=\"elementor-column elementor-col-50 elementor-top-column elementor-element elementor-element-5d83e59\" data-id=\"5d83e59\" data-element_type=\"column\" data-e-type=\"column\">\n\t\t\t<div class=\"elementor-widget-wrap elementor-element-populated\">\n\t\t\t\t\t\t<div class=\"elementor-element elementor-element-591f188 elementor-widget elementor-widget-image\" data-id=\"591f188\" data-element_type=\"widget\" data-e-type=\"widget\" data-widget_type=\"image.default\">\n\t\t\t\t<div class=\"elementor-widget-container\">\n\t\t\t\t\t\t\t\t\t\t\t\t\t\t\t<img fetchpriority=\"high\" decoding=\"async\" width=\"626\" height=\"640\" src=\"https:\/\/rever-digital.com\/inicio\/wp-content\/uploads\/2023\/01\/Mesa-de-trabajo-1-8.png\" class=\"attachment-medium_large size-medium_large wp-image-1477\" alt=\"\" srcset=\"https:\/\/rever-digital.com\/inicio\/wp-content\/uploads\/2023\/01\/Mesa-de-trabajo-1-8.png 626w, https:\/\/rever-digital.com\/inicio\/wp-content\/uploads\/2023\/01\/Mesa-de-trabajo-1-8-293x300.png 293w\" sizes=\"(max-width: 626px) 100vw, 626px\" \/>\t\t\t\t\t\t\t\t\t\t\t\t\t\t\t<\/div>\n\t\t\t\t<\/div>\n\t\t\t\t\t<\/div>\n\t\t<\/div>\n\t\t\t\t\t<\/div>\n\t\t<\/section>\n\t\t\t\t<section class=\"elementor-section elementor-top-section elementor-element elementor-element-52d3225 elementor-section-content-middle elementor-section-boxed elementor-section-height-default elementor-section-height-default\" data-id=\"52d3225\" data-element_type=\"section\" data-e-type=\"section\" id=\"Datos\" data-settings=\"{&quot;background_background&quot;:&quot;classic&quot;}\">\n\t\t\t\t\t\t<div class=\"elementor-container elementor-column-gap-default\">\n\t\t\t\t\t<div class=\"elementor-column elementor-col-50 elementor-top-column elementor-element elementor-element-37fa526 elementor-hidden-mobile\" data-id=\"37fa526\" data-element_type=\"column\" data-e-type=\"column\">\n\t\t\t<div class=\"elementor-widget-wrap elementor-element-populated\">\n\t\t\t\t\t\t<div class=\"elementor-element elementor-element-9901cb9 elementor-widget elementor-widget-image\" data-id=\"9901cb9\" data-element_type=\"widget\" data-e-type=\"widget\" data-widget_type=\"image.default\">\n\t\t\t\t<div class=\"elementor-widget-container\">\n\t\t\t\t\t\t\t\t\t\t\t\t\t\t\t<img decoding=\"async\" width=\"768\" height=\"512\" src=\"https:\/\/rever-digital.com\/inicio\/wp-content\/uploads\/2023\/01\/geopc-768x512.png\" class=\"attachment-medium_large size-medium_large wp-image-1487\" alt=\"\" srcset=\"https:\/\/rever-digital.com\/inicio\/wp-content\/uploads\/2023\/01\/geopc-768x512.png 768w, https:\/\/rever-digital.com\/inicio\/wp-content\/uploads\/2023\/01\/geopc-300x200.png 300w, https:\/\/rever-digital.com\/inicio\/wp-content\/uploads\/2023\/01\/geopc-1024x683.png 1024w, https:\/\/rever-digital.com\/inicio\/wp-content\/uploads\/2023\/01\/geopc-1536x1024.png 1536w, https:\/\/rever-digital.com\/inicio\/wp-content\/uploads\/2023\/01\/geopc-2048x1365.png 2048w\" sizes=\"(max-width: 768px) 100vw, 768px\" \/>\t\t\t\t\t\t\t\t\t\t\t\t\t\t\t<\/div>\n\t\t\t\t<\/div>\n\t\t\t\t\t<\/div>\n\t\t<\/div>\n\t\t\t\t<div class=\"elementor-column elementor-col-50 elementor-top-column elementor-element elementor-element-71b9095\" data-id=\"71b9095\" data-element_type=\"column\" data-e-type=\"column\">\n\t\t\t<div class=\"elementor-widget-wrap elementor-element-populated\">\n\t\t\t\t\t\t<div class=\"elementor-element elementor-element-64d33c0 elementor-invisible elementor-widget elementor-widget-heading\" data-id=\"64d33c0\" data-element_type=\"widget\" data-e-type=\"widget\" data-settings=\"{&quot;_animation&quot;:&quot;fadeIn&quot;,&quot;_animation_delay&quot;:200}\" data-widget_type=\"heading.default\">\n\t\t\t\t<div class=\"elementor-widget-container\">\n\t\t\t\t\t<h1 class=\"elementor-heading-title elementor-size-default\">PROCESAMIENTO DE DATOS\n\n<\/h1>\t\t\t\t<\/div>\n\t\t\t\t<\/div>\n\t\t\t\t<div class=\"elementor-element elementor-element-25376ae elementor-invisible elementor-widget elementor-widget-heading\" data-id=\"25376ae\" data-element_type=\"widget\" data-e-type=\"widget\" data-settings=\"{&quot;_animation&quot;:&quot;fadeIn&quot;,&quot;_animation_delay&quot;:600}\" data-widget_type=\"heading.default\">\n\t\t\t\t<div class=\"elementor-widget-container\">\n\t\t\t\t\t<p class=\"elementor-heading-title elementor-size-default\">Los softwares CAD m\u00e1s modernos como Geomagic Design X, permiten tomar las nubes de puntos entregados por esc\u00e1neres y optimizarlos, alineando los datos, eliminando el ruido y combinando los datos redundantes.<\/p>\t\t\t\t<\/div>\n\t\t\t\t<\/div>\n\t\t\t\t<div class=\"elementor-element elementor-element-7e9f4a0 elementor-invisible elementor-widget elementor-widget-heading\" data-id=\"7e9f4a0\" data-element_type=\"widget\" data-e-type=\"widget\" data-settings=\"{&quot;_animation&quot;:&quot;fadeIn&quot;,&quot;_animation_delay&quot;:600}\" data-widget_type=\"heading.default\">\n\t\t\t\t<div class=\"elementor-widget-container\">\n\t\t\t\t\t<p class=\"elementor-heading-title elementor-size-default\">Posteriormente, la triangulaci\u00f3n permite generar una malla, la cual es luego optimizada, suavizada, se eliminan agujeros y las geometr\u00edas no deseadas.<\/p>\t\t\t\t<\/div>\n\t\t\t\t<\/div>\n\t\t\t\t<div class=\"elementor-element elementor-element-96d3807 elementor-hidden-desktop elementor-hidden-tablet elementor-widget elementor-widget-image\" data-id=\"96d3807\" data-element_type=\"widget\" data-e-type=\"widget\" data-widget_type=\"image.default\">\n\t\t\t\t<div class=\"elementor-widget-container\">\n\t\t\t\t\t\t\t\t\t\t\t\t\t\t\t<img decoding=\"async\" width=\"768\" height=\"512\" src=\"https:\/\/rever-digital.com\/inicio\/wp-content\/uploads\/2023\/01\/geopc-768x512.png\" class=\"attachment-medium_large size-medium_large wp-image-1487\" alt=\"\" srcset=\"https:\/\/rever-digital.com\/inicio\/wp-content\/uploads\/2023\/01\/geopc-768x512.png 768w, https:\/\/rever-digital.com\/inicio\/wp-content\/uploads\/2023\/01\/geopc-300x200.png 300w, https:\/\/rever-digital.com\/inicio\/wp-content\/uploads\/2023\/01\/geopc-1024x683.png 1024w, https:\/\/rever-digital.com\/inicio\/wp-content\/uploads\/2023\/01\/geopc-1536x1024.png 1536w, https:\/\/rever-digital.com\/inicio\/wp-content\/uploads\/2023\/01\/geopc-2048x1365.png 2048w\" sizes=\"(max-width: 768px) 100vw, 768px\" \/>\t\t\t\t\t\t\t\t\t\t\t\t\t\t\t<\/div>\n\t\t\t\t<\/div>\n\t\t\t\t\t<\/div>\n\t\t<\/div>\n\t\t\t\t\t<\/div>\n\t\t<\/section>\n\t\t\t\t<section class=\"elementor-section elementor-top-section elementor-element elementor-element-83d608b elementor-section-content-middle elementor-section-boxed elementor-section-height-default elementor-section-height-default\" data-id=\"83d608b\" data-element_type=\"section\" data-e-type=\"section\" id=\"Solido\">\n\t\t\t\t\t\t<div class=\"elementor-container elementor-column-gap-default\">\n\t\t\t\t\t<div class=\"elementor-column elementor-col-50 elementor-top-column elementor-element elementor-element-afaf671\" data-id=\"afaf671\" data-element_type=\"column\" data-e-type=\"column\">\n\t\t\t<div class=\"elementor-widget-wrap elementor-element-populated\">\n\t\t\t\t\t\t<div class=\"elementor-element elementor-element-ff30eba elementor-invisible elementor-widget elementor-widget-heading\" data-id=\"ff30eba\" data-element_type=\"widget\" data-e-type=\"widget\" data-settings=\"{&quot;_animation&quot;:&quot;fadeIn&quot;,&quot;_animation_delay&quot;:200}\" data-widget_type=\"heading.default\">\n\t\t\t\t<div class=\"elementor-widget-container\">\n\t\t\t\t\t<h1 class=\"elementor-heading-title elementor-size-default\">GENERACI\u00d3N DE S\u00d3LIDO\n\n<\/h1>\t\t\t\t<\/div>\n\t\t\t\t<\/div>\n\t\t\t\t<div class=\"elementor-element elementor-element-dc29991 elementor-invisible elementor-widget elementor-widget-heading\" data-id=\"dc29991\" data-element_type=\"widget\" data-e-type=\"widget\" data-settings=\"{&quot;_animation&quot;:&quot;fadeIn&quot;,&quot;_animation_delay&quot;:600}\" data-widget_type=\"heading.default\">\n\t\t\t\t<div class=\"elementor-widget-container\">\n\t\t\t\t\t<p class=\"elementor-heading-title elementor-size-default\">Geomagic Design X combina las herramientas cl\u00e1sicas de dise\u00f1o CAD como extrusi\u00f3n, revoluci\u00f3n y corte con herramientas basadas en la malla, lo cual permite una modelacion r\u00e1pida y fluida de la pieza original.<\/p>\t\t\t\t<\/div>\n\t\t\t\t<\/div>\n\t\t\t\t\t<\/div>\n\t\t<\/div>\n\t\t\t\t<div class=\"elementor-column elementor-col-50 elementor-top-column elementor-element elementor-element-58317ef\" data-id=\"58317ef\" data-element_type=\"column\" data-e-type=\"column\">\n\t\t\t<div class=\"elementor-widget-wrap elementor-element-populated\">\n\t\t\t\t\t\t<div class=\"elementor-element elementor-element-2d43975 elementor-widget elementor-widget-image\" data-id=\"2d43975\" data-element_type=\"widget\" data-e-type=\"widget\" data-widget_type=\"image.default\">\n\t\t\t\t<div class=\"elementor-widget-container\">\n\t\t\t\t\t\t\t\t\t\t\t\t\t\t\t<img decoding=\"async\" width=\"768\" height=\"512\" src=\"https:\/\/rever-digital.com\/inicio\/wp-content\/uploads\/2023\/01\/solidopc-768x512.png\" class=\"attachment-medium_large size-medium_large wp-image-1488\" alt=\"\" srcset=\"https:\/\/rever-digital.com\/inicio\/wp-content\/uploads\/2023\/01\/solidopc-768x512.png 768w, https:\/\/rever-digital.com\/inicio\/wp-content\/uploads\/2023\/01\/solidopc-300x200.png 300w, https:\/\/rever-digital.com\/inicio\/wp-content\/uploads\/2023\/01\/solidopc-1024x683.png 1024w, https:\/\/rever-digital.com\/inicio\/wp-content\/uploads\/2023\/01\/solidopc-1536x1024.png 1536w, https:\/\/rever-digital.com\/inicio\/wp-content\/uploads\/2023\/01\/solidopc-2048x1365.png 2048w\" sizes=\"(max-width: 768px) 100vw, 768px\" \/>\t\t\t\t\t\t\t\t\t\t\t\t\t\t\t<\/div>\n\t\t\t\t<\/div>\n\t\t\t\t\t<\/div>\n\t\t<\/div>\n\t\t\t\t\t<\/div>\n\t\t<\/section>\n\t\t\t\t<section class=\"elementor-section elementor-top-section elementor-element elementor-element-eeed230 elementor-section-boxed elementor-section-height-default elementor-section-height-default\" data-id=\"eeed230\" data-element_type=\"section\" data-e-type=\"section\">\n\t\t\t\t\t\t<div class=\"elementor-container elementor-column-gap-default\">\n\t\t\t\t\t<div class=\"elementor-column elementor-col-100 elementor-top-column elementor-element elementor-element-8eaff2b\" data-id=\"8eaff2b\" data-element_type=\"column\" data-e-type=\"column\">\n\t\t\t<div class=\"elementor-widget-wrap elementor-element-populated\">\n\t\t\t\t\t\t<div class=\"elementor-element elementor-element-fa635f3 elementor-invisible elementor-widget elementor-widget-heading\" data-id=\"fa635f3\" data-element_type=\"widget\" data-e-type=\"widget\" data-settings=\"{&quot;_animation&quot;:&quot;fadeIn&quot;,&quot;_animation_delay&quot;:200}\" data-widget_type=\"heading.default\">\n\t\t\t\t<div class=\"elementor-widget-container\">\n\t\t\t\t\t<h1 class=\"elementor-heading-title elementor-size-default\">CONVERSEMOS SOBRE SOLUCIONES DE INGENIER\u00cdA INVERSA<\/h1>\t\t\t\t<\/div>\n\t\t\t\t<\/div>\n\t\t\t\t<div class=\"elementor-element elementor-element-6a9bbf5 elementor-widget elementor-widget-html\" data-id=\"6a9bbf5\" data-element_type=\"widget\" data-e-type=\"widget\" data-widget_type=\"html.default\">\n\t\t\t\t<div class=\"elementor-widget-container\">\n\t\t\t\t\t\n\t\t\t\t\t\t<script>\n\t\t\t\t\t\t\twindow.hsFormsOnReady = window.hsFormsOnReady || [];\n\t\t\t\t\t\t\twindow.hsFormsOnReady.push(()=>{\n\t\t\t\t\t\t\t\thbspt.forms.create({\n\t\t\t\t\t\t\t\t\tportalId: 25165338,\n\t\t\t\t\t\t\t\t\tformId: \"c6b1375a-e477-4216-8082-22c97a58be7b\",\n\t\t\t\t\t\t\t\t\ttarget: \"#hbspt-form-1777529142000-4901136519\",\n\t\t\t\t\t\t\t\t\tregion: \"\",\n\t\t\t\t\t\t\t\t\t\n\t\t\t\t\t\t\t})});\n\t\t\t\t\t\t<\/script>\n\t\t\t\t\t\t<div class=\"hbspt-form\" id=\"hbspt-form-1777529142000-4901136519\"><\/div>\t\t\t\t<\/div>\n\t\t\t\t<\/div>\n\t\t\t\t\t<\/div>\n\t\t<\/div>\n\t\t\t\t\t<\/div>\n\t\t<\/section>\n\t\t\t\t<\/div>\n\t\t","protected":false},"excerpt":{"rendered":"<p>Ingenier\u00eda Inversa TOMA DE NUBES DE PUNTOS Tradicionalmente, la ingenier\u00eda inversa de una pieza solo se pod\u00eda realizar a trav\u00e9s de inspecci\u00f3n visual y dimensionamiento manual. Actualmente, las nuevas tecnolog\u00edas de toma de datos permiten tomas millones de puntos por segundo, acelerando el proceso significativamente. PROCESAMIENTO DE DATOS Los softwares CAD m\u00e1s modernos como Geomagic [&hellip;]<\/p>\n","protected":false},"author":1,"featured_media":0,"parent":0,"menu_order":0,"comment_status":"closed","ping_status":"closed","template":"","meta":{"content-type":"","footnotes":""},"class_list":["post-334","page","type-page","status-publish","hentry"],"_links":{"self":[{"href":"https:\/\/rever-digital.com\/inicio\/wp-json\/wp\/v2\/pages\/334","targetHints":{"allow":["GET"]}}],"collection":[{"href":"https:\/\/rever-digital.com\/inicio\/wp-json\/wp\/v2\/pages"}],"about":[{"href":"https:\/\/rever-digital.com\/inicio\/wp-json\/wp\/v2\/types\/page"}],"author":[{"embeddable":true,"href":"https:\/\/rever-digital.com\/inicio\/wp-json\/wp\/v2\/users\/1"}],"replies":[{"embeddable":true,"href":"https:\/\/rever-digital.com\/inicio\/wp-json\/wp\/v2\/comments?post=334"}],"version-history":[{"count":37,"href":"https:\/\/rever-digital.com\/inicio\/wp-json\/wp\/v2\/pages\/334\/revisions"}],"predecessor-version":[{"id":3569,"href":"https:\/\/rever-digital.com\/inicio\/wp-json\/wp\/v2\/pages\/334\/revisions\/3569"}],"wp:attachment":[{"href":"https:\/\/rever-digital.com\/inicio\/wp-json\/wp\/v2\/media?parent=334"}],"curies":[{"name":"wp","href":"https:\/\/api.w.org\/{rel}","templated":true}]}}