{"id":5745,"date":"2026-02-09T14:36:45","date_gmt":"2026-02-09T14:36:45","guid":{"rendered":"https:\/\/rever-digital.com\/inicio\/?page_id=5745"},"modified":"2026-02-09T20:16:44","modified_gmt":"2026-02-09T20:16:44","slug":"latam-drone-days-2025","status":"publish","type":"page","link":"https:\/\/rever-digital.com\/inicio\/latam-drone-days-2025\/","title":{"rendered":"Latam drone days 2025"},"content":{"rendered":"\t\t<div data-elementor-type=\"wp-page\" data-elementor-id=\"5745\" class=\"elementor elementor-5745\" data-elementor-post-type=\"page\">\n\t\t\t\t\t\t<section class=\"elementor-section elementor-top-section elementor-element elementor-element-225e928 elementor-section-height-full elementor-section-boxed elementor-section-height-default elementor-section-items-middle\" data-id=\"225e928\" data-element_type=\"section\" data-e-type=\"section\" data-settings=\"{&quot;background_background&quot;:&quot;classic&quot;}\">\n\t\t\t\t\t\t\t<div class=\"elementor-background-overlay\"><\/div>\n\t\t\t\t\t\t\t<div class=\"elementor-container elementor-column-gap-default\">\n\t\t\t\t\t<div class=\"elementor-column elementor-col-50 elementor-top-column elementor-element elementor-element-4ccb706\" data-id=\"4ccb706\" data-element_type=\"column\" data-e-type=\"column\">\n\t\t\t<div class=\"elementor-widget-wrap elementor-element-populated\">\n\t\t\t\t\t\t<div class=\"elementor-element elementor-element-ebde666 elementor-widget elementor-widget-heading\" data-id=\"ebde666\" data-element_type=\"widget\" data-e-type=\"widget\" data-widget_type=\"heading.default\">\n\t\t\t\t<div class=\"elementor-widget-container\">\n\t\t\t\t\t<h2 class=\"elementor-heading-title elementor-size-default\">Evento<\/h2>\t\t\t\t<\/div>\n\t\t\t\t<\/div>\n\t\t\t\t<div class=\"elementor-element elementor-element-b52d301 elementor-widget elementor-widget-image\" data-id=\"b52d301\" data-element_type=\"widget\" data-e-type=\"widget\" data-widget_type=\"image.default\">\n\t\t\t\t<div class=\"elementor-widget-container\">\n\t\t\t\t\t\t\t\t\t\t\t\t\t\t\t<img fetchpriority=\"high\" decoding=\"async\" width=\"1250\" height=\"657\" src=\"https:\/\/rever-digital.com\/inicio\/wp-content\/uploads\/2025\/09\/Flyability_LATAM-drone-days_Logo_Original.png\" class=\"attachment-full size-full wp-image-5667\" alt=\"\" srcset=\"https:\/\/rever-digital.com\/inicio\/wp-content\/uploads\/2025\/09\/Flyability_LATAM-drone-days_Logo_Original.png 1250w, https:\/\/rever-digital.com\/inicio\/wp-content\/uploads\/2025\/09\/Flyability_LATAM-drone-days_Logo_Original-300x158.png 300w, https:\/\/rever-digital.com\/inicio\/wp-content\/uploads\/2025\/09\/Flyability_LATAM-drone-days_Logo_Original-1024x538.png 1024w, https:\/\/rever-digital.com\/inicio\/wp-content\/uploads\/2025\/09\/Flyability_LATAM-drone-days_Logo_Original-768x404.png 768w, https:\/\/rever-digital.com\/inicio\/wp-content\/uploads\/2025\/09\/Flyability_LATAM-drone-days_Logo_Original-18x9.png 18w\" sizes=\"(max-width: 1250px) 100vw, 1250px\" \/>\t\t\t\t\t\t\t\t\t\t\t\t\t\t\t<\/div>\n\t\t\t\t<\/div>\n\t\t\t\t\t<\/div>\n\t\t<\/div>\n\t\t\t\t<div class=\"elementor-column elementor-col-50 elementor-top-column elementor-element elementor-element-4b52b80\" data-id=\"4b52b80\" data-element_type=\"column\" data-e-type=\"column\" data-settings=\"{&quot;background_background&quot;:&quot;classic&quot;}\">\n\t\t\t<div class=\"elementor-widget-wrap elementor-element-populated\">\n\t\t\t\t\t\t\t<\/div>\n\t\t<\/div>\n\t\t\t\t\t<\/div>\n\t\t<\/section>\n\t\t\t\t<section class=\"elementor-section elementor-top-section elementor-element elementor-element-49e85cd elementor-section-content-middle elementor-section-boxed elementor-section-height-default elementor-section-height-default\" data-id=\"49e85cd\" data-element_type=\"section\" data-e-type=\"section\">\n\t\t\t\t\t\t<div class=\"elementor-container elementor-column-gap-wider\">\n\t\t\t\t\t<div class=\"elementor-column elementor-col-50 elementor-top-column elementor-element elementor-element-567153d\" data-id=\"567153d\" data-element_type=\"column\" data-e-type=\"column\">\n\t\t\t<div class=\"elementor-widget-wrap elementor-element-populated\">\n\t\t\t\t\t\t<div class=\"elementor-element elementor-element-7c05dd2 elementor-invisible elementor-widget elementor-widget-heading\" data-id=\"7c05dd2\" data-element_type=\"widget\" data-e-type=\"widget\" data-settings=\"{&quot;_animation&quot;:&quot;fadeIn&quot;,&quot;_animation_delay&quot;:200}\" data-widget_type=\"heading.default\">\n\t\t\t\t<div class=\"elementor-widget-container\">\n\t\t\t\t\t<h1 class=\"elementor-heading-title elementor-size-default\">Latam Drone Days 2025 reuni\u00f3 en Santiago a expertos industriales para analizar el avance de las inspecciones con Elios 3 de Flyability.<\/h1>\t\t\t\t<\/div>\n\t\t\t\t<\/div>\n\t\t\t\t<div class=\"elementor-element elementor-element-30fe376 elementor-widget elementor-widget-text-editor\" data-id=\"30fe376\" data-element_type=\"widget\" data-e-type=\"widget\" data-widget_type=\"text-editor.default\">\n\t\t\t\t<div class=\"elementor-widget-container\">\n\t\t\t\t\t\t\t\t\t<p>Entre el 18 y el 20 de noviembre, Santiago fue sede de la 1era edici\u00f3n de <strong>Latam Drone Days Santiago 2025.<\/strong> En el centro de evento Las Majadas de Pirque, se desarroll\u00f3 este encuentro t\u00e9cnico que reuni\u00f3 a especialistas de miner\u00eda, energ\u00eda, celulosa, oil &amp; gas y manufactura de diferentes lugares del mundo, para revisar los avances y resultados del uso del Elios 3 de Flyability, uno de los drones m\u00e1s utilizados a nivel mundial para inspecciones en espacios confinados y zonas de riesgo.<\/p>\t\t\t\t\t\t\t\t<\/div>\n\t\t\t\t<\/div>\n\t\t\t\t\t<\/div>\n\t\t<\/div>\n\t\t\t\t<div class=\"elementor-column elementor-col-50 elementor-top-column elementor-element elementor-element-d615d14\" data-id=\"d615d14\" data-element_type=\"column\" data-e-type=\"column\">\n\t\t\t<div class=\"elementor-widget-wrap elementor-element-populated\">\n\t\t\t\t\t\t<div class=\"elementor-element elementor-element-6798df9 elementor-widget elementor-widget-image\" data-id=\"6798df9\" data-element_type=\"widget\" data-e-type=\"widget\" data-widget_type=\"image.default\">\n\t\t\t\t<div class=\"elementor-widget-container\">\n\t\t\t\t\t\t\t\t\t\t\t\t\t\t\t<img decoding=\"async\" width=\"800\" height=\"534\" src=\"https:\/\/rever-digital.com\/inicio\/wp-content\/uploads\/2026\/02\/f1-1024x683.jpg\" class=\"attachment-large size-large wp-image-5748\" alt=\"\" srcset=\"https:\/\/rever-digital.com\/inicio\/wp-content\/uploads\/2026\/02\/f1-1024x683.jpg 1024w, https:\/\/rever-digital.com\/inicio\/wp-content\/uploads\/2026\/02\/f1-300x200.jpg 300w, https:\/\/rever-digital.com\/inicio\/wp-content\/uploads\/2026\/02\/f1-768x513.jpg 768w, https:\/\/rever-digital.com\/inicio\/wp-content\/uploads\/2026\/02\/f1-18x12.jpg 18w, https:\/\/rever-digital.com\/inicio\/wp-content\/uploads\/2026\/02\/f1.jpg 1350w\" sizes=\"(max-width: 800px) 100vw, 800px\" \/>\t\t\t\t\t\t\t\t\t\t\t\t\t\t\t<\/div>\n\t\t\t\t<\/div>\n\t\t\t\t<div class=\"elementor-element elementor-element-01ddc95 elementor-widget elementor-widget-text-editor\" data-id=\"01ddc95\" data-element_type=\"widget\" data-e-type=\"widget\" data-widget_type=\"text-editor.default\">\n\t\t\t\t<div class=\"elementor-widget-container\">\n\t\t\t\t\t\t\t\t\t<p>Felipe C\u00e9spedes, CEO de REVER Digital Twins, dio la bienvenida a los asistentes.<\/p>\t\t\t\t\t\t\t\t<\/div>\n\t\t\t\t<\/div>\n\t\t\t\t\t<\/div>\n\t\t<\/div>\n\t\t\t\t\t<\/div>\n\t\t<\/section>\n\t\t\t\t<section class=\"elementor-section elementor-top-section elementor-element elementor-element-4f8bf53 elementor-section-content-middle elementor-section-boxed elementor-section-height-default elementor-section-height-default\" data-id=\"4f8bf53\" data-element_type=\"section\" data-e-type=\"section\" data-settings=\"{&quot;background_background&quot;:&quot;classic&quot;}\">\n\t\t\t\t\t\t<div class=\"elementor-container elementor-column-gap-wider\">\n\t\t\t\t\t<div class=\"elementor-column elementor-col-50 elementor-top-column elementor-element elementor-element-1f2451c\" data-id=\"1f2451c\" data-element_type=\"column\" data-e-type=\"column\">\n\t\t\t<div class=\"elementor-widget-wrap elementor-element-populated\">\n\t\t\t\t\t\t<div class=\"elementor-element elementor-element-f04ccfa elementor-widget elementor-widget-text-editor\" data-id=\"f04ccfa\" data-element_type=\"widget\" data-e-type=\"widget\" data-widget_type=\"text-editor.default\">\n\t\t\t\t<div class=\"elementor-widget-container\">\n\t\t\t\t\t\t\t\t\t<p>Durante las jornadas, expertos nacionales e internacionales presentaron casos vinculados a inspecci\u00f3n de chancadores, correas transportadoras, t\u00faneles, celdas, estanques, ductos y estructuras cr\u00edticas, destacando reducciones significativas en tiempos de detenci\u00f3n, mayor seguridad para los trabajadores y una mejora sustancial en la calidad de la informaci\u00f3n levantada.\u00a0<\/p>\t\t\t\t\t\t\t\t<\/div>\n\t\t\t\t<\/div>\n\t\t\t\t<div class=\"elementor-element elementor-element-6afbe2a elementor-widget elementor-widget-image\" data-id=\"6afbe2a\" data-element_type=\"widget\" data-e-type=\"widget\" data-widget_type=\"image.default\">\n\t\t\t\t<div class=\"elementor-widget-container\">\n\t\t\t\t\t\t\t\t\t\t\t\t\t\t\t<img decoding=\"async\" width=\"1285\" height=\"857\" src=\"https:\/\/rever-digital.com\/inicio\/wp-content\/uploads\/2026\/02\/f2.jpg\" class=\"attachment-full size-full wp-image-5749\" alt=\"\" srcset=\"https:\/\/rever-digital.com\/inicio\/wp-content\/uploads\/2026\/02\/f2.jpg 1285w, https:\/\/rever-digital.com\/inicio\/wp-content\/uploads\/2026\/02\/f2-300x200.jpg 300w, https:\/\/rever-digital.com\/inicio\/wp-content\/uploads\/2026\/02\/f2-1024x683.jpg 1024w, https:\/\/rever-digital.com\/inicio\/wp-content\/uploads\/2026\/02\/f2-768x512.jpg 768w, https:\/\/rever-digital.com\/inicio\/wp-content\/uploads\/2026\/02\/f2-18x12.jpg 18w\" sizes=\"(max-width: 1285px) 100vw, 1285px\" \/>\t\t\t\t\t\t\t\t\t\t\t\t\t\t\t<\/div>\n\t\t\t\t<\/div>\n\t\t\t\t<div class=\"elementor-element elementor-element-411f300 elementor-widget elementor-widget-text-editor\" data-id=\"411f300\" data-element_type=\"widget\" data-e-type=\"widget\" data-widget_type=\"text-editor.default\">\n\t\t\t\t<div class=\"elementor-widget-container\">\n\t\t\t\t\t\t\t\t\t<p>Charla de Sergio Andr\u00e9s Balboa, Jefe Unidad Dise\u00f1o Minero y Proyectos, SIM-GMIN.<\/p>\t\t\t\t\t\t\t\t<\/div>\n\t\t\t\t<\/div>\n\t\t\t\t\t<\/div>\n\t\t<\/div>\n\t\t\t\t<div class=\"elementor-column elementor-col-50 elementor-top-column elementor-element elementor-element-54fc2a4\" data-id=\"54fc2a4\" data-element_type=\"column\" data-e-type=\"column\">\n\t\t\t<div class=\"elementor-widget-wrap elementor-element-populated\">\n\t\t\t\t\t\t<div class=\"elementor-element elementor-element-c49b815 elementor-widget elementor-widget-text-editor\" data-id=\"c49b815\" data-element_type=\"widget\" data-e-type=\"widget\" data-widget_type=\"text-editor.default\">\n\t\t\t\t<div class=\"elementor-widget-container\">\n\t\t\t\t\t\t\t\t\t<p>Las experiencias mostraron una adopci\u00f3n creciente del Elios 3 en faenas mineras del norte y centro del pa\u00eds, principalmente para reemplazar inspecciones manuales que tradicionalmente expon\u00edan a los operadores.<br \/><br \/><br \/><\/p>\t\t\t\t\t\t\t\t<\/div>\n\t\t\t\t<\/div>\n\t\t\t\t<div class=\"elementor-element elementor-element-f3adcdb elementor-widget elementor-widget-image\" data-id=\"f3adcdb\" data-element_type=\"widget\" data-e-type=\"widget\" data-widget_type=\"image.default\">\n\t\t\t\t<div class=\"elementor-widget-container\">\n\t\t\t\t\t\t\t\t\t\t\t\t\t\t\t<img loading=\"lazy\" decoding=\"async\" width=\"1222\" height=\"815\" src=\"https:\/\/rever-digital.com\/inicio\/wp-content\/uploads\/2026\/02\/f4.jpg\" class=\"attachment-full size-full wp-image-5751\" alt=\"\" srcset=\"https:\/\/rever-digital.com\/inicio\/wp-content\/uploads\/2026\/02\/f4.jpg 1222w, https:\/\/rever-digital.com\/inicio\/wp-content\/uploads\/2026\/02\/f4-300x200.jpg 300w, https:\/\/rever-digital.com\/inicio\/wp-content\/uploads\/2026\/02\/f4-1024x683.jpg 1024w, https:\/\/rever-digital.com\/inicio\/wp-content\/uploads\/2026\/02\/f4-768x512.jpg 768w, https:\/\/rever-digital.com\/inicio\/wp-content\/uploads\/2026\/02\/f4-18x12.jpg 18w\" sizes=\"(max-width: 1222px) 100vw, 1222px\" \/>\t\t\t\t\t\t\t\t\t\t\t\t\t\t\t<\/div>\n\t\t\t\t<\/div>\n\t\t\t\t<div class=\"elementor-element elementor-element-426f7ad elementor-widget elementor-widget-text-editor\" data-id=\"426f7ad\" data-element_type=\"widget\" data-e-type=\"widget\" data-widget_type=\"text-editor.default\">\n\t\t\t\t<div class=\"elementor-widget-container\">\n\t\t\t\t\t\t\t\t\t<p>Fernando P\u00e9rez, Jefe de Topograf\u00eda Minera Candelaria &#8211; Lundin Mining<\/p>\t\t\t\t\t\t\t\t<\/div>\n\t\t\t\t<\/div>\n\t\t\t\t\t<\/div>\n\t\t<\/div>\n\t\t\t\t\t<\/div>\n\t\t<\/section>\n\t\t\t\t<section class=\"elementor-section elementor-top-section elementor-element elementor-element-f7cd739 elementor-section-content-middle elementor-section-boxed elementor-section-height-default elementor-section-height-default\" data-id=\"f7cd739\" data-element_type=\"section\" data-e-type=\"section\" data-settings=\"{&quot;background_background&quot;:&quot;classic&quot;}\">\n\t\t\t\t\t\t<div class=\"elementor-container elementor-column-gap-wider\">\n\t\t\t\t\t<div class=\"elementor-column elementor-col-50 elementor-top-column elementor-element elementor-element-0b014ff\" data-id=\"0b014ff\" data-element_type=\"column\" data-e-type=\"column\">\n\t\t\t<div class=\"elementor-widget-wrap elementor-element-populated\">\n\t\t\t\t\t\t<div class=\"elementor-element elementor-element-e630634 elementor-invisible elementor-widget elementor-widget-heading\" data-id=\"e630634\" data-element_type=\"widget\" data-e-type=\"widget\" data-settings=\"{&quot;_animation&quot;:&quot;fadeIn&quot;,&quot;_animation_delay&quot;:200}\" data-widget_type=\"heading.default\">\n\t\t\t\t<div class=\"elementor-widget-container\">\n\t\t\t\t\t<h1 class=\"elementor-heading-title elementor-size-default\">Rever Digital Twins lider\u00f3 la organizaci\u00f3n de este evento<\/h1>\t\t\t\t<\/div>\n\t\t\t\t<\/div>\n\t\t\t\t<div class=\"elementor-element elementor-element-bc42806 elementor-widget elementor-widget-text-editor\" data-id=\"bc42806\" data-element_type=\"widget\" data-e-type=\"widget\" data-widget_type=\"text-editor.default\">\n\t\t\t\t<div class=\"elementor-widget-container\">\n\t\t\t\t\t\t\t\t\t<p>El anfitri\u00f3n de este evento y producci\u00f3n en Santiago fu\u00e9 Rever Digital Twins, representante oficial de Flyability en Chile. REVER empresa especializada en modelaci\u00f3n 3D, digitalizaci\u00f3n de activos e integraci\u00f3n de tecnolog\u00edas de vanguardia para operaciones industriales. Su equipo lider\u00f3 cada jornada con una log\u00edstica impecable y una din\u00e1mica abierta al aprendizaje pr\u00e1ctico, conectando a usuarios, expertos internacionales y empresas interesadas en dar un paso firme hacia la digitalizaci\u00f3n de procesos complejos. La compa\u00f1\u00eda destac\u00f3 la necesidad de avanzar hacia modelos de trabajo que combinen drones de inspecci\u00f3n, datos georreferenciados y gemelos digitales para una toma de decisiones m\u00e1s precisa en ambientes de alta complejidad.<\/p>\t\t\t\t\t\t\t\t<\/div>\n\t\t\t\t<\/div>\n\t\t\t\t\t<\/div>\n\t\t<\/div>\n\t\t\t\t<div class=\"elementor-column elementor-col-50 elementor-top-column elementor-element elementor-element-37ccd50\" data-id=\"37ccd50\" data-element_type=\"column\" data-e-type=\"column\">\n\t\t\t<div class=\"elementor-widget-wrap elementor-element-populated\">\n\t\t\t\t\t\t<div class=\"elementor-element elementor-element-9b06b6d elementor-widget elementor-widget-image\" data-id=\"9b06b6d\" data-element_type=\"widget\" data-e-type=\"widget\" data-widget_type=\"image.default\">\n\t\t\t\t<div class=\"elementor-widget-container\">\n\t\t\t\t\t\t\t\t\t\t\t\t\t\t\t<img loading=\"lazy\" decoding=\"async\" width=\"800\" height=\"534\" src=\"https:\/\/rever-digital.com\/inicio\/wp-content\/uploads\/2026\/02\/f3-1024x683.jpg\" class=\"attachment-large size-large wp-image-5750\" alt=\"\" srcset=\"https:\/\/rever-digital.com\/inicio\/wp-content\/uploads\/2026\/02\/f3-1024x683.jpg 1024w, https:\/\/rever-digital.com\/inicio\/wp-content\/uploads\/2026\/02\/f3-300x200.jpg 300w, https:\/\/rever-digital.com\/inicio\/wp-content\/uploads\/2026\/02\/f3-768x512.jpg 768w, https:\/\/rever-digital.com\/inicio\/wp-content\/uploads\/2026\/02\/f3-18x12.jpg 18w, https:\/\/rever-digital.com\/inicio\/wp-content\/uploads\/2026\/02\/f3.jpg 1239w\" sizes=\"(max-width: 800px) 100vw, 800px\" \/>\t\t\t\t\t\t\t\t\t\t\t\t\t\t\t<\/div>\n\t\t\t\t<\/div>\n\t\t\t\t<div class=\"elementor-element elementor-element-f20ea7e elementor-widget elementor-widget-text-editor\" data-id=\"f20ea7e\" data-element_type=\"widget\" data-e-type=\"widget\" data-widget_type=\"text-editor.default\">\n\t\t\t\t<div class=\"elementor-widget-container\">\n\t\t\t\t\t\t\t\t\t<p>Exposici\u00f3n de Michael Blake, Product Manager Flyability<\/p>\t\t\t\t\t\t\t\t<\/div>\n\t\t\t\t<\/div>\n\t\t\t\t\t<\/div>\n\t\t<\/div>\n\t\t\t\t\t<\/div>\n\t\t<\/section>\n\t\t\t\t<section class=\"elementor-section elementor-top-section elementor-element elementor-element-4e0da16 elementor-section-content-middle elementor-section-boxed elementor-section-height-default elementor-section-height-default\" data-id=\"4e0da16\" data-element_type=\"section\" data-e-type=\"section\" data-settings=\"{&quot;background_background&quot;:&quot;classic&quot;}\">\n\t\t\t\t\t\t<div class=\"elementor-container elementor-column-gap-wider\">\n\t\t\t\t\t<div class=\"elementor-column elementor-col-50 elementor-top-column elementor-element elementor-element-e92eb5a\" data-id=\"e92eb5a\" data-element_type=\"column\" data-e-type=\"column\">\n\t\t\t<div class=\"elementor-widget-wrap elementor-element-populated\">\n\t\t\t\t\t\t<div class=\"elementor-element elementor-element-d6c6098 elementor-invisible elementor-widget elementor-widget-heading\" data-id=\"d6c6098\" data-element_type=\"widget\" data-e-type=\"widget\" data-settings=\"{&quot;_animation&quot;:&quot;fadeIn&quot;,&quot;_animation_delay&quot;:200}\" data-widget_type=\"heading.default\">\n\t\t\t\t<div class=\"elementor-widget-container\">\n\t\t\t\t\t<h1 class=\"elementor-heading-title elementor-size-default\">Capacitaciones t\u00e9cnicas marcaron el cierre<\/h1>\t\t\t\t<\/div>\n\t\t\t\t<\/div>\n\t\t\t\t<div class=\"elementor-element elementor-element-8437683 elementor-widget elementor-widget-text-editor\" data-id=\"8437683\" data-element_type=\"widget\" data-e-type=\"widget\" data-widget_type=\"text-editor.default\">\n\t\t\t\t<div class=\"elementor-widget-container\">\n\t\t\t\t\t\t\t\t\t<p>Durante la tarde del 19 de noviembre y todo el 20 se desarrollaron capacitaciones para pilotos que se inician y expertos, actividades lideradas por pilotos expertos de Flyability y REVER. Se realizaron sesiones pr\u00e1cticas para equipos t\u00e9cnicos y operadores, instancia en la que los participantes pudieron trabajar directamente con el Elios 3, para conocer su ecosistema de sensores, protocolos de vuelo y metodolog\u00edas de inspecci\u00f3n aplicadas a diferentes industrias.<\/p><p>Con un crecimiento sostenido en la demanda de soluciones que reduzcan exposici\u00f3n humana y mejoren la eficiencia en mantenciones, <strong>Latam Drone Days Santiago 2025<\/strong> se proyect\u00f3 como un punto de encuentro clave para la actualizaci\u00f3n tecnol\u00f3gica del sector y donde el drone Elios 3 se consolida como un referente para las inspecciones industriales de \u00e1reas confinadas y de dif\u00edcil acceso, Elios 3 ya no es una promesa futura, sino una herramienta consolidada que reduce riesgos humanos, optimiza tiempos de inspecci\u00f3n y habilita una toma de decisiones m\u00e1s precisa basada en datos.<\/p><p>El evento cont\u00f3 con almuerzos y cenas de networking donde se dio gran camarader\u00eda entre asistentes y organizadores, dejando la sensaci\u00f3n de un evento de gran aporte por sus contenidos y con la promesa de los organizadores que vendr\u00e1n pr\u00f3ximas ediciones.<\/p>\t\t\t\t\t\t\t\t<\/div>\n\t\t\t\t<\/div>\n\t\t\t\t\t<\/div>\n\t\t<\/div>\n\t\t\t\t<div class=\"elementor-column elementor-col-50 elementor-top-column elementor-element elementor-element-5456ad5\" data-id=\"5456ad5\" data-element_type=\"column\" data-e-type=\"column\">\n\t\t\t<div class=\"elementor-widget-wrap elementor-element-populated\">\n\t\t\t\t\t\t<div class=\"elementor-element elementor-element-8e24208 elementor-widget elementor-widget-image\" data-id=\"8e24208\" data-element_type=\"widget\" data-e-type=\"widget\" data-widget_type=\"image.default\">\n\t\t\t\t<div class=\"elementor-widget-container\">\n\t\t\t\t\t\t\t\t\t\t\t\t\t\t\t<img loading=\"lazy\" decoding=\"async\" width=\"1326\" height=\"884\" src=\"https:\/\/rever-digital.com\/inicio\/wp-content\/uploads\/2026\/02\/f5.jpg\" class=\"attachment-full size-full wp-image-5752\" alt=\"\" srcset=\"https:\/\/rever-digital.com\/inicio\/wp-content\/uploads\/2026\/02\/f5.jpg 1326w, https:\/\/rever-digital.com\/inicio\/wp-content\/uploads\/2026\/02\/f5-300x200.jpg 300w, https:\/\/rever-digital.com\/inicio\/wp-content\/uploads\/2026\/02\/f5-1024x683.jpg 1024w, https:\/\/rever-digital.com\/inicio\/wp-content\/uploads\/2026\/02\/f5-768x512.jpg 768w, https:\/\/rever-digital.com\/inicio\/wp-content\/uploads\/2026\/02\/f5-18x12.jpg 18w\" sizes=\"(max-width: 1326px) 100vw, 1326px\" \/>\t\t\t\t\t\t\t\t\t\t\t\t\t\t\t<\/div>\n\t\t\t\t<\/div>\n\t\t\t\t<div class=\"elementor-element elementor-element-a8eadce elementor-widget elementor-widget-text-editor\" data-id=\"a8eadce\" data-element_type=\"widget\" data-e-type=\"widget\" data-widget_type=\"text-editor.default\">\n\t\t\t\t<div class=\"elementor-widget-container\">\n\t\t\t\t\t\t\t\t\t<p>Para saber mas y ver la galer\u00eda de im\u00e1genes del evento visite; <a href=\"http:\/\/www.latamdronedays.com\">www.latamdronedays.com<\/a><\/p>\t\t\t\t\t\t\t\t<\/div>\n\t\t\t\t<\/div>\n\t\t\t\t\t<\/div>\n\t\t<\/div>\n\t\t\t\t\t<\/div>\n\t\t<\/section>\n\t\t\t\t<\/div>\n\t\t","protected":false},"excerpt":{"rendered":"<p>Evento Latam Drone Days 2025 reuni\u00f3 en Santiago a expertos industriales para analizar el avance de las inspecciones con Elios 3 de Flyability. Entre el 18 y el 20 de noviembre, Santiago fue sede de la 1era edici\u00f3n de Latam Drone Days Santiago 2025. En el centro de evento Las Majadas de Pirque, se desarroll\u00f3 [&hellip;]<\/p>\n","protected":false},"author":1,"featured_media":0,"parent":0,"menu_order":0,"comment_status":"closed","ping_status":"closed","template":"","meta":{"content-type":"","footnotes":""},"class_list":["post-5745","page","type-page","status-publish","hentry"],"_links":{"self":[{"href":"https:\/\/rever-digital.com\/inicio\/wp-json\/wp\/v2\/pages\/5745","targetHints":{"allow":["GET"]}}],"collection":[{"href":"https:\/\/rever-digital.com\/inicio\/wp-json\/wp\/v2\/pages"}],"about":[{"href":"https:\/\/rever-digital.com\/inicio\/wp-json\/wp\/v2\/types\/page"}],"author":[{"embeddable":true,"href":"https:\/\/rever-digital.com\/inicio\/wp-json\/wp\/v2\/users\/1"}],"replies":[{"embeddable":true,"href":"https:\/\/rever-digital.com\/inicio\/wp-json\/wp\/v2\/comments?post=5745"}],"version-history":[{"count":13,"href":"https:\/\/rever-digital.com\/inicio\/wp-json\/wp\/v2\/pages\/5745\/revisions"}],"predecessor-version":[{"id":5771,"href":"https:\/\/rever-digital.com\/inicio\/wp-json\/wp\/v2\/pages\/5745\/revisions\/5771"}],"wp:attachment":[{"href":"https:\/\/rever-digital.com\/inicio\/wp-json\/wp\/v2\/media?parent=5745"}],"curies":[{"name":"wp","href":"https:\/\/api.w.org\/{rel}","templated":true}]}}